{"id":954,"date":"2024-09-24T19:43:22","date_gmt":"2024-09-24T17:43:22","guid":{"rendered":"https:\/\/poraj.com\/sklep\/?post_type=product&#038;p=954"},"modified":"2024-10-03T00:42:18","modified_gmt":"2024-10-02T22:42:18","slug":"pakiet-standard","status":"publish","type":"product","link":"https:\/\/poraj.com\/sklep\/produkt\/pakiet-standard\/","title":{"rendered":"Pakiet Standard"},"content":{"rendered":"<div id=\"heading-TqTj0Gl-ZN\" class=\"c-heading c-wrapper\">\n<div class=\"heading-TqTj0Gl-ZN text-output cheading-TqTj0Gl-ZN none noBorder radius0 none\" data-animation-class=\"\">\n<div>\n<p><strong>Zadbaj o ka\u017cdy aspekt prawny swoich kurs\u00f3w online!<\/strong><\/p>\n<\/div>\n<\/div>\n<\/div>\n<div id=\"sub-heading-I-V97nAsyBn\" class=\"c-sub-heading c-wrapper\">\n<div class=\"sub-heading-I-V97nAsyBn text-output csub-heading-I-V97nAsyBn none noBorder radius0 none\" data-animation-class=\"\">\n<div>\n<p>Umowy dla nauczycieli j\u0119zyk\u00f3w online. Ochrona wizerunku, materia\u0142y dydaktyczne, stabilno\u015b\u0107 zasad \u2013 wszystko w jednym miejscu!<\/p>\n<\/div>\n<\/div>\n<\/div>\n","protected":false},"excerpt":{"rendered":"<p>Zadbaj o ka\u017cdy aspekt prawny swoich kurs\u00f3w online! Umowy dla nauczycieli j\u0119zyk\u00f3w online. Ochrona wizerunku, materia\u0142y dydaktyczne, stabilno\u015b\u0107 zasad \u2013 wszystko w jednym miejscu!<\/p>\n","protected":false},"featured_media":961,"template":"","meta":{"_acf_changed":false},"product_brand":[],"product_cat":[58],"product_tag":[],"wyroznione":[],"class_list":{"0":"post-954","1":"product","2":"type-product","3":"status-publish","4":"has-post-thumbnail","6":"product_cat-pakiety","8":"first","9":"instock","10":"downloadable","11":"virtual","12":"sold-individually","13":"taxable","14":"purchasable","15":"product-type-simple"},"acf":[],"_links":{"self":[{"href":"https:\/\/poraj.com\/sklep\/wp-json\/wp\/v2\/product\/954","targetHints":{"allow":["GET"]}}],"collection":[{"href":"https:\/\/poraj.com\/sklep\/wp-json\/wp\/v2\/product"}],"about":[{"href":"https:\/\/poraj.com\/sklep\/wp-json\/wp\/v2\/types\/product"}],"wp:featuredmedia":[{"embeddable":true,"href":"https:\/\/poraj.com\/sklep\/wp-json\/wp\/v2\/media\/961"}],"wp:attachment":[{"href":"https:\/\/poraj.com\/sklep\/wp-json\/wp\/v2\/media?parent=954"}],"wp:term":[{"taxonomy":"product_brand","embeddable":true,"href":"https:\/\/poraj.com\/sklep\/wp-json\/wp\/v2\/product_brand?post=954"},{"taxonomy":"product_cat","embeddable":true,"href":"https:\/\/poraj.com\/sklep\/wp-json\/wp\/v2\/product_cat?post=954"},{"taxonomy":"product_tag","embeddable":true,"href":"https:\/\/poraj.com\/sklep\/wp-json\/wp\/v2\/product_tag?post=954"},{"taxonomy":"wyroznione","embeddable":true,"href":"https:\/\/poraj.com\/sklep\/wp-json\/wp\/v2\/wyroznione?post=954"}],"curies":[{"name":"wp","href":"https:\/\/api.w.org\/{rel}","templated":true}]}}