{"id":926,"date":"2024-08-02T12:50:00","date_gmt":"2024-08-02T10:50:00","guid":{"rendered":"https:\/\/poraj.com\/sklep\/?post_type=product&#038;p=926"},"modified":"2024-12-09T12:21:57","modified_gmt":"2024-12-09T11:21:57","slug":"konsultacja-1h","status":"publish","type":"product","link":"https:\/\/poraj.com\/sklep\/produkt\/konsultacja-1h\/","title":{"rendered":"Konsultacja 1h"},"content":{"rendered":"<p>Konsultacja obejmuje:<\/p>\n<ul>\n<li>60-minutow\u0105 rozmow\u0119 na platformie Zoom,<\/li>\n<li>analiz\u0119 wybranego problemu z zakresu prawa w\u0142asno\u015bci przemys\u0142owej,<\/li>\n<li>porady i wyja\u015bnienia udzielane przez rzecznika patentowego lub radc\u0119 prawnego, dotycz\u0105ce m.in. mo\u017cliwo\u015bci zg\u0142oszenia znaku towarowego, wzoru, wynalazku oraz zagadnie\u0144 zwi\u0105zanych z prawami autorskimi i czynami nieuczciwej konkurencji.<\/li>\n<\/ul>\n<p><strong>Przyk\u0142adowe tematy konsultacji:<\/strong><\/p>\n<ul>\n<li>Odpowiedzi na pytania dotycz\u0105ce wyboru znaku towarowego lub innych praw,<\/li>\n<li>Analiza naruszenia praw,<\/li>\n<li>Wyja\u015bnienia postanowie\u0144 umowy,<\/li>\n<li>Wskaz\u00f3wki dotycz\u0105ce brakuj\u0105cych lub wadliwych zapis\u00f3w w umowach,<\/li>\n<li>Argumenty przydatne w negocjacjach,<\/li>\n<li>Wst\u0119pna ocena i porady w sprawach spornych (np. w przypadku otrzymania wezwania do zaniechania narusze\u0144 lub naruszenia Twoich praw przez innych, zw\u0142aszcza w Internecie).<\/li>\n<\/ul>\n<p><strong>Dodatkowo:<\/strong><\/p>\n<ul>\n<li>Mo\u017cliwa analiza dokument\u00f3w zwi\u0105zanych ze spraw\u0105 (podczas spotkania mo\u017cna om\u00f3wi\u0107 maksymalnie 4 znormalizowane strony, tj. oko\u0142o 6000 znak\u00f3w ze spacjami).<\/li>\n<\/ul>\n<p><strong>Konsultacja nie obejmuje:<\/strong><\/p>\n<ul>\n<li>Opracowania strategii ochrony praw IP (jest to osobne spotkanie strategiczne \u201estrategic call\u201d),<\/li>\n<li>Reprezentacji przed s\u0105dami czy innymi organami,<\/li>\n<li>Reprezentacji podczas negocjacji z drug\u0105 stron\u0105,<\/li>\n<li>Przygotowania dokument\u00f3w poza czasem spotkania, w tym opinii prawnej, um\u00f3w, pism odpowiedzi na wezwanie czy wezwania do zaniechania narusze\u0144,<\/li>\n<li>Czynno\u015bci, kt\u00f3re nie mieszcz\u0105 si\u0119 w czasie 60-minutowego spotkania.<\/li>\n<\/ul>\n<p>Podczas umawiania spotkania zostan\u0105 Pa\u0144stwo poproszeni o podanie danych stron oraz kr\u00f3tkiego opisu sprawy. Jest to konieczne, poniewa\u017c musimy przeprowadzi\u0107 wst\u0119pn\u0105 ocen\u0119 potencjalnego konfliktu interes\u00f3w. Unikanie konfliktu interes\u00f3w jest naszym obowi\u0105zkiem. W przypadku stwierdzenia, \u017ce taki konflikt istnieje, nie b\u0119dziemy mogli \u015bwiadczy\u0107 us\u0142ugi i zobowi\u0105zujemy si\u0119 do natychmiastowego zwrotu wp\u0142aconej kwoty za konsultacj\u0119.<\/p>\n<p>Informujemy, \u017ce Faktura VAT zostanie wystawiona i przes\u0142ana na dane podane w formularzu. Prosimy o upewnienie si\u0119, \u017ce wszystkie informacje zosta\u0142y poprawnie wprowadzone.<\/p>\n","protected":false},"excerpt":{"rendered":"<p>Konsultacja obejmuje: 60-minutow\u0105 rozmow\u0119 na platformie Zoom, analiz\u0119 wybranego problemu z zakresu prawa w\u0142asno\u015bci przemys\u0142owej, porady i wyja\u015bnienia udzielane przez rzecznika patentowego lub radc\u0119 prawnego, dotycz\u0105ce m.in. mo\u017cliwo\u015bci zg\u0142oszenia znaku towarowego, wzoru, wynalazku oraz zagadnie\u0144 zwi\u0105zanych z prawami autorskimi i czynami nieuczciwej konkurencji. Przyk\u0142adowe tematy konsultacji: Odpowiedzi na pytania dotycz\u0105ce wyboru znaku towarowego lub innych [&hellip;]<\/p>\n","protected":false},"featured_media":929,"template":"","meta":{"_acf_changed":false},"product_brand":[],"product_cat":[43],"product_tag":[],"wyroznione":[],"class_list":{"0":"post-926","1":"product","2":"type-product","3":"status-publish","4":"has-post-thumbnail","6":"product_cat-konsultacje","8":"first","9":"instock","10":"virtual","11":"sold-individually","12":"taxable","13":"purchasable","14":"product-type-simple"},"acf":[],"_links":{"self":[{"href":"https:\/\/poraj.com\/sklep\/wp-json\/wp\/v2\/product\/926","targetHints":{"allow":["GET"]}}],"collection":[{"href":"https:\/\/poraj.com\/sklep\/wp-json\/wp\/v2\/product"}],"about":[{"href":"https:\/\/poraj.com\/sklep\/wp-json\/wp\/v2\/types\/product"}],"wp:featuredmedia":[{"embeddable":true,"href":"https:\/\/poraj.com\/sklep\/wp-json\/wp\/v2\/media\/929"}],"wp:attachment":[{"href":"https:\/\/poraj.com\/sklep\/wp-json\/wp\/v2\/media?parent=926"}],"wp:term":[{"taxonomy":"product_brand","embeddable":true,"href":"https:\/\/poraj.com\/sklep\/wp-json\/wp\/v2\/product_brand?post=926"},{"taxonomy":"product_cat","embeddable":true,"href":"https:\/\/poraj.com\/sklep\/wp-json\/wp\/v2\/product_cat?post=926"},{"taxonomy":"product_tag","embeddable":true,"href":"https:\/\/poraj.com\/sklep\/wp-json\/wp\/v2\/product_tag?post=926"},{"taxonomy":"wyroznione","embeddable":true,"href":"https:\/\/poraj.com\/sklep\/wp-json\/wp\/v2\/wyroznione?post=926"}],"curies":[{"name":"wp","href":"https:\/\/api.w.org\/{rel}","templated":true}]}}