{"id":797,"date":"2024-04-05T12:00:56","date_gmt":"2024-04-05T10:00:56","guid":{"rendered":"https:\/\/poraj.com\/sklep\/?post_type=product&#038;p=797"},"modified":"2024-08-01T15:18:11","modified_gmt":"2024-08-01T13:18:11","slug":"jak-zarabiac-na-prawach-wlasnosci-intelektualnej","status":"publish","type":"product","link":"https:\/\/poraj.com\/sklep\/produkt\/jak-zarabiac-na-prawach-wlasnosci-intelektualnej\/","title":{"rendered":"Jak zarabia\u0107 na prawach w\u0142asno\u015bci intelektualnej?"},"content":{"rendered":"<p>Jak zarabia\u0107 na prawach w\u0142asno\u015bci intelektualnej?<\/p>\n","protected":false},"excerpt":{"rendered":"<p>Jak zarabia\u0107 na prawach w\u0142asno\u015bci intelektualnej?<\/p>\n","protected":false},"featured_media":867,"template":"","meta":{"_acf_changed":false},"product_brand":[],"product_cat":[43],"product_tag":[],"wyroznione":[],"class_list":{"0":"post-797","1":"product","2":"type-product","3":"status-publish","4":"has-post-thumbnail","6":"product_cat-konsultacje","8":"first","9":"instock","10":"virtual","11":"sold-individually","12":"taxable","13":"purchasable","14":"product-type-simple"},"acf":[],"_links":{"self":[{"href":"https:\/\/poraj.com\/sklep\/wp-json\/wp\/v2\/product\/797","targetHints":{"allow":["GET"]}}],"collection":[{"href":"https:\/\/poraj.com\/sklep\/wp-json\/wp\/v2\/product"}],"about":[{"href":"https:\/\/poraj.com\/sklep\/wp-json\/wp\/v2\/types\/product"}],"wp:featuredmedia":[{"embeddable":true,"href":"https:\/\/poraj.com\/sklep\/wp-json\/wp\/v2\/media\/867"}],"wp:attachment":[{"href":"https:\/\/poraj.com\/sklep\/wp-json\/wp\/v2\/media?parent=797"}],"wp:term":[{"taxonomy":"product_brand","embeddable":true,"href":"https:\/\/poraj.com\/sklep\/wp-json\/wp\/v2\/product_brand?post=797"},{"taxonomy":"product_cat","embeddable":true,"href":"https:\/\/poraj.com\/sklep\/wp-json\/wp\/v2\/product_cat?post=797"},{"taxonomy":"product_tag","embeddable":true,"href":"https:\/\/poraj.com\/sklep\/wp-json\/wp\/v2\/product_tag?post=797"},{"taxonomy":"wyroznione","embeddable":true,"href":"https:\/\/poraj.com\/sklep\/wp-json\/wp\/v2\/wyroznione?post=797"}],"curies":[{"name":"wp","href":"https:\/\/api.w.org\/{rel}","templated":true}]}}