{"id":788,"date":"2024-04-02T15:51:13","date_gmt":"2024-04-02T13:51:13","guid":{"rendered":"https:\/\/poraj.com\/sklep\/?post_type=product&#038;p=788"},"modified":"2024-08-01T15:32:47","modified_gmt":"2024-08-01T13:32:47","slug":"audyt-pakiet-do-32h","status":"publish","type":"product","link":"https:\/\/poraj.com\/sklep\/produkt\/audyt-pakiet-do-32h\/","title":{"rendered":"Audyt pakiet do 32h &#8211; Sklep z umowami &#8211; Poraj.com"},"content":{"rendered":"<p>Audyty dot. zasob\u00f3w praw w\u0142asno\u015bci intelektualnej w firmie np. rodzaju um\u00f3w, prawid\u0142owo\u015bci nabywania praw, poufno\u015bci itd. Zakres audytu zale\u017cy od specyfiki firmy. Przyk\u0142adowo Audyt zapis\u00f3w dotycz\u0105cych praw autorskich w umowach o prac\u0119.<\/p>\n<p>Bardzo cz\u0119sto spotykamy si\u0119 z sytuacjami, kiedy przedsi\u0119biorcy nie maj\u0105 uregulowanych kwestii przeniesienia praw autorskich, co zar\u00f3wno dotyczy pracownik\u00f3w wykonuj\u0105cych jaki\u015b rodzaj pracy tw\u00f3rczej na ich rzecz, jak i wsp\u00f3\u0142pracownik\u00f3w oraz firm zewn\u0119trznych.<\/p>\n<p>W ka\u017cdego rodzaju umowie, zar\u00f3wno w standardowej umowie o prac\u0119, jak i umowach o wsp\u00f3\u0142pracy, kontraktach mened\u017cerskich, umowach zleceniach, najpopularniejszych umowach o dzie\u0142o wa\u017cne s\u0105 zapisy okre\u015blaj\u0105ce jaki zakres praw nabywa zleceniodawca \/ pracodawca od tw\u00f3rcy utworu.<\/p>\n<p>Wbrew pozorom problem dotyczy praktycznie ka\u017cdej bran\u017cy rynku, poniewa\u017c w obecnych czasach potrzeba wykorzystania zdj\u0119\u0107, grafik lub profesjonalnie pisanych tekst\u00f3w jest wszechobecna.<\/p>\n<p>Najwa\u017cniejsza sprawa to wyra\u017ane okre\u015blenie momentu i zakresu przeniesienia maj\u0105tkowych praw autorskich do utworu. Ponadto sprawdzamy zakres um\u00f3w, aspekty czasowe i terytorialne um\u00f3w, pola eksploatacji, potencjalne wady prawne itd.<\/p>\n","protected":false},"excerpt":{"rendered":"<p><strong>Audyty dot. zasob\u00f3w praw w\u0142asno\u015bci intelektualnej w firmie np. rodzaju um\u00f3w, prawid\u0142owo\u015bci nabywania praw, poufno\u015bci itd. Zakres audytu zale\u017cy od specyfiki firmy. Przyk\u0142adowo Audyt zapis\u00f3w dotycz\u0105cych praw autorskich w umowach o prac\u0119.<\/strong><\/p>\n","protected":false},"featured_media":863,"template":"","meta":{"_acf_changed":false},"product_brand":[],"product_cat":[43],"product_tag":[52],"wyroznione":[],"class_list":{"0":"post-788","1":"product","2":"type-product","3":"status-publish","4":"has-post-thumbnail","6":"product_cat-konsultacje","7":"product_tag-audyt","9":"first","10":"instock","11":"virtual","12":"sold-individually","13":"taxable","14":"purchasable","15":"product-type-simple"},"acf":[],"_links":{"self":[{"href":"https:\/\/poraj.com\/sklep\/wp-json\/wp\/v2\/product\/788","targetHints":{"allow":["GET"]}}],"collection":[{"href":"https:\/\/poraj.com\/sklep\/wp-json\/wp\/v2\/product"}],"about":[{"href":"https:\/\/poraj.com\/sklep\/wp-json\/wp\/v2\/types\/product"}],"wp:featuredmedia":[{"embeddable":true,"href":"https:\/\/poraj.com\/sklep\/wp-json\/wp\/v2\/media\/863"}],"wp:attachment":[{"href":"https:\/\/poraj.com\/sklep\/wp-json\/wp\/v2\/media?parent=788"}],"wp:term":[{"taxonomy":"product_brand","embeddable":true,"href":"https:\/\/poraj.com\/sklep\/wp-json\/wp\/v2\/product_brand?post=788"},{"taxonomy":"product_cat","embeddable":true,"href":"https:\/\/poraj.com\/sklep\/wp-json\/wp\/v2\/product_cat?post=788"},{"taxonomy":"product_tag","embeddable":true,"href":"https:\/\/poraj.com\/sklep\/wp-json\/wp\/v2\/product_tag?post=788"},{"taxonomy":"wyroznione","embeddable":true,"href":"https:\/\/poraj.com\/sklep\/wp-json\/wp\/v2\/wyroznione?post=788"}],"curies":[{"name":"wp","href":"https:\/\/api.w.org\/{rel}","templated":true}]}}