{"id":698,"date":"2021-07-28T09:09:26","date_gmt":"2021-07-28T07:09:26","guid":{"rendered":"https:\/\/poraj.com\/sklep\/?post_type=product&#038;p=698"},"modified":"2024-08-13T23:26:01","modified_gmt":"2024-08-13T21:26:01","slug":"umowa-o-przeniesienie-praw-do-logotypu","status":"publish","type":"product","link":"https:\/\/poraj.com\/sklep\/produkt\/umowa-o-przeniesienie-praw-do-logotypu\/","title":{"rendered":"Prawa do logotypu + konsultacja"},"content":{"rendered":"<p><strong>Umowa o Przeniesienie Praw do logotypu dla osoby fizycznej<\/strong><\/p>\n<p>Umowa reguluje niezb\u0119dne kwestie pozwalaj\u0105ce na:<\/p>\n<ul style=\"list-style-type: circle;\">\n<li>nabycie praw do zam\u00f3wionego i zap\u0142aconego projektu logo za jasno okre\u015blone wynagrodzenie<\/li>\n<li>u\u017cywanie zam\u00f3wionego logotypu i budowanie w oparciu o nie strategii marketingowej<\/li>\n<li>wprowadzanie zmian do grafiki<\/li>\n<li>zg\u0142oszenie logo jako znaku towarowego czy wzoru przemys\u0142owego<\/li>\n<li>zabezpieczenie przed kopiowaniem, pojawianiem si\u0119 analogicznych logotyp\u00f3w u konkurencji<\/li>\n<li>udzielanie licencji i czerpanie po\u017cytk\u00f3w, w tym budowanie biznesu w oparciu o franczyz\u0119<\/li>\n<li>ustalenie zasad dot. wynagrodzenia tak\u017ce w przypadku nowych pojawiaj\u0105cych si\u0119 obszar\u00f3w (tzw. p\u00f3l eksploatacji)<\/li>\n<li>o\u015bwiadczenia tw\u00f3rcy dot. wykonywania praw autorskich osobistych.<\/li>\n<\/ul>\n","protected":false},"excerpt":{"rendered":"<p>Umowa o Przeniesienie Praw do logotypu dla osoby fizycznej Umowa reguluje niezb\u0119dne kwestie pozwalaj\u0105ce na: nabycie praw do zam\u00f3wionego i zap\u0142aconego projektu logo za jasno okre\u015blone wynagrodzenie u\u017cywanie zam\u00f3wionego logotypu i budowanie w oparciu o nie strategii marketingowej wprowadzanie zmian do grafiki zg\u0142oszenie logo jako znaku towarowego czy wzoru przemys\u0142owego zabezpieczenie przed kopiowaniem, pojawianiem si\u0119 [&hellip;]<\/p>\n","protected":false},"featured_media":890,"template":"","meta":{"_acf_changed":false},"product_brand":[],"product_cat":[49,16],"product_tag":[50],"wyroznione":[],"class_list":{"0":"post-698","1":"product","2":"type-product","3":"status-publish","4":"has-post-thumbnail","6":"product_cat-os-fizyczna-logo","7":"product_cat-umowy-logotyp","8":"product_tag-umowa-dla-osoby-fizycznej","10":"first","11":"instock","12":"downloadable","13":"virtual","14":"sold-individually","15":"taxable","16":"purchasable","17":"product-type-simple"},"acf":[],"_links":{"self":[{"href":"https:\/\/poraj.com\/sklep\/wp-json\/wp\/v2\/product\/698","targetHints":{"allow":["GET"]}}],"collection":[{"href":"https:\/\/poraj.com\/sklep\/wp-json\/wp\/v2\/product"}],"about":[{"href":"https:\/\/poraj.com\/sklep\/wp-json\/wp\/v2\/types\/product"}],"wp:featuredmedia":[{"embeddable":true,"href":"https:\/\/poraj.com\/sklep\/wp-json\/wp\/v2\/media\/890"}],"wp:attachment":[{"href":"https:\/\/poraj.com\/sklep\/wp-json\/wp\/v2\/media?parent=698"}],"wp:term":[{"taxonomy":"product_brand","embeddable":true,"href":"https:\/\/poraj.com\/sklep\/wp-json\/wp\/v2\/product_brand?post=698"},{"taxonomy":"product_cat","embeddable":true,"href":"https:\/\/poraj.com\/sklep\/wp-json\/wp\/v2\/product_cat?post=698"},{"taxonomy":"product_tag","embeddable":true,"href":"https:\/\/poraj.com\/sklep\/wp-json\/wp\/v2\/product_tag?post=698"},{"taxonomy":"wyroznione","embeddable":true,"href":"https:\/\/poraj.com\/sklep\/wp-json\/wp\/v2\/wyroznione?post=698"}],"curies":[{"name":"wp","href":"https:\/\/api.w.org\/{rel}","templated":true}]}}