{"id":683,"date":"2021-07-01T12:11:36","date_gmt":"2021-07-01T10:11:36","guid":{"rendered":"https:\/\/poraj.com\/sklep\/?post_type=product&#038;p=683"},"modified":"2025-08-10T13:33:44","modified_gmt":"2025-08-10T11:33:44","slug":"zezwolenie-na-rozpowszechnianie-wizerunku-dziecka-na-koloniach","status":"publish","type":"product","link":"https:\/\/poraj.com\/sklep\/produkt\/zezwolenie-na-rozpowszechnianie-wizerunku-dziecka-na-koloniach\/","title":{"rendered":"Zgoda rodzica na rozpowszechnianie wizerunku dziecka, dla organizator\u00f3w p\u00f3\u0142kolonii, kolonii, oboz\u00f3w"},"content":{"rendered":"<p>Wizerunek, jako dobro osobiste podlega ochronie i wymaga zezwolenia osoby na nim przedstawionej, lub w przypadku dzieci do 16 roku \u017cycia zgody rodzic\u00f3w lub opiekun\u00f3w prawnych.<br \/>\nZgoda musi by\u0107 dobrowolna, wyra\u017ana i \u015bwiadoma. Nie mo\u017ce by\u0107 to klauzula w umowie z organizatorem p\u00f3\u0142kolonii lub kolonii. Takie klauzule, kt\u00f3re wymuszaj\u0105 zgod\u0119 na rozpowszechnianie wizerunku s\u0105 niedozwolone i w efekcie bezskuteczne, to znaczy \u017ce s\u0105 uwa\u017cane na niewa\u017cne.<br \/>\nWiedz\u0105c ile b\u0142\u0119d\u00f3w pojawia si\u0119 w tym temacie i jak powa\u017cne mog\u0105 one nie\u015b\u0107 konsekwencje przygotowali\u015bmy gotowe wzory zezwole\u0144 na wykorzystanie wizerunku dzieci, zar\u00f3wno na podstawie przepis\u00f3w prawa autorskiego, jak i RODO.<\/p>\n","protected":false},"excerpt":{"rendered":"<p style=\"font-size: 14px; line-height: normal; font-weight: bold;\">Gotowy wz\u00f3r zezwolenia na wykorzystanie wizerunku dziecka, zar\u00f3wno na podstawie przepis\u00f3w prawa autorskiego, jak i RODO.<\/p>\n","protected":false},"featured_media":878,"template":"","meta":{"_acf_changed":false},"product_brand":[],"product_cat":[46],"product_tag":[55],"wyroznione":[],"class_list":{"0":"post-683","1":"product","2":"type-product","3":"status-publish","4":"has-post-thumbnail","6":"product_cat-zgody-na-wizerunek","7":"product_tag-rozpowszechnianie-wizerunku-dziecka","9":"first","10":"instock","11":"downloadable","12":"virtual","13":"sold-individually","14":"taxable","15":"purchasable","16":"product-type-simple"},"acf":[],"_links":{"self":[{"href":"https:\/\/poraj.com\/sklep\/wp-json\/wp\/v2\/product\/683","targetHints":{"allow":["GET"]}}],"collection":[{"href":"https:\/\/poraj.com\/sklep\/wp-json\/wp\/v2\/product"}],"about":[{"href":"https:\/\/poraj.com\/sklep\/wp-json\/wp\/v2\/types\/product"}],"wp:featuredmedia":[{"embeddable":true,"href":"https:\/\/poraj.com\/sklep\/wp-json\/wp\/v2\/media\/878"}],"wp:attachment":[{"href":"https:\/\/poraj.com\/sklep\/wp-json\/wp\/v2\/media?parent=683"}],"wp:term":[{"taxonomy":"product_brand","embeddable":true,"href":"https:\/\/poraj.com\/sklep\/wp-json\/wp\/v2\/product_brand?post=683"},{"taxonomy":"product_cat","embeddable":true,"href":"https:\/\/poraj.com\/sklep\/wp-json\/wp\/v2\/product_cat?post=683"},{"taxonomy":"product_tag","embeddable":true,"href":"https:\/\/poraj.com\/sklep\/wp-json\/wp\/v2\/product_tag?post=683"},{"taxonomy":"wyroznione","embeddable":true,"href":"https:\/\/poraj.com\/sklep\/wp-json\/wp\/v2\/wyroznione?post=683"}],"curies":[{"name":"wp","href":"https:\/\/api.w.org\/{rel}","templated":true}]}}