{"id":678,"date":"2021-06-11T16:23:43","date_gmt":"2021-06-11T14:23:43","guid":{"rendered":"https:\/\/poraj.com\/sklep\/?post_type=product&#038;p=678"},"modified":"2025-08-10T12:29:55","modified_gmt":"2025-08-10T10:29:55","slug":"zgoda-wizerunek","status":"publish","type":"product","link":"https:\/\/poraj.com\/sklep\/produkt\/zgoda-wizerunek\/","title":{"rendered":"Zgoda (wsp\u00f3\u0142)pracownika na przetwarzanie danych osobowych w postaci wizerunku"},"content":{"rendered":"<p>W obecnych czasach przedsi\u0119biorcy aktywni w Internecie, a szczeg\u00f3lnie w mediach spo\u0142eczno\u015bciowych cz\u0119sto umieszczaj\u0105 zdj\u0119cia swoich pracownik\u00f3w. Tymczasem bez konieczno\u015bci uzyskania zgody pracownika mo\u017cna przetwarza\u0107 tylko niezb\u0119dne dane osobowe, okre\u015bla je art. 221 Kodeksu pracy.<\/p>\n<p>Aby publikowa\u0107 wizerunek pracownika lub np.\u00a0umie\u015bci\u0107 jego zdj\u0119cie na\u00a0identyfikatorze pracodawca musi pozyska\u0107 na\u00a0to zgod\u0119 pracownika.<\/p>\n<p>Wz\u00f3r obejmuje gotowe opcje zgody udzielanej przez pracownika lub wsp\u00f3\u0142pracownika danej firmy lub instytucji.<\/p>\n","protected":false},"excerpt":{"rendered":"<p style=\"font-size: 14px; line-height: normal; font-weight: bold;\">Wz\u00f3r obejmuje gotowe opcje zgody udzielanej przez pracownika lub wsp\u00f3\u0142pracownika danej firmy lub instytucji.<\/p>\n","protected":false},"featured_media":877,"template":"","meta":{"_acf_changed":false},"product_brand":[],"product_cat":[46],"product_tag":[56],"wyroznione":[],"class_list":{"0":"post-678","1":"product","2":"type-product","3":"status-publish","4":"has-post-thumbnail","6":"product_cat-zgody-na-wizerunek","7":"product_tag-przetwarzanie-danych-osobowych","9":"first","10":"instock","11":"downloadable","12":"virtual","13":"sold-individually","14":"taxable","15":"purchasable","16":"product-type-simple"},"acf":[],"_links":{"self":[{"href":"https:\/\/poraj.com\/sklep\/wp-json\/wp\/v2\/product\/678","targetHints":{"allow":["GET"]}}],"collection":[{"href":"https:\/\/poraj.com\/sklep\/wp-json\/wp\/v2\/product"}],"about":[{"href":"https:\/\/poraj.com\/sklep\/wp-json\/wp\/v2\/types\/product"}],"wp:featuredmedia":[{"embeddable":true,"href":"https:\/\/poraj.com\/sklep\/wp-json\/wp\/v2\/media\/877"}],"wp:attachment":[{"href":"https:\/\/poraj.com\/sklep\/wp-json\/wp\/v2\/media?parent=678"}],"wp:term":[{"taxonomy":"product_brand","embeddable":true,"href":"https:\/\/poraj.com\/sklep\/wp-json\/wp\/v2\/product_brand?post=678"},{"taxonomy":"product_cat","embeddable":true,"href":"https:\/\/poraj.com\/sklep\/wp-json\/wp\/v2\/product_cat?post=678"},{"taxonomy":"product_tag","embeddable":true,"href":"https:\/\/poraj.com\/sklep\/wp-json\/wp\/v2\/product_tag?post=678"},{"taxonomy":"wyroznione","embeddable":true,"href":"https:\/\/poraj.com\/sklep\/wp-json\/wp\/v2\/wyroznione?post=678"}],"curies":[{"name":"wp","href":"https:\/\/api.w.org\/{rel}","templated":true}]}}