{"id":1321,"date":"2026-05-06T07:40:33","date_gmt":"2026-05-06T05:40:33","guid":{"rendered":"https:\/\/poraj.com\/sklep\/?post_type=product&#038;p=1321"},"modified":"2026-05-06T08:20:56","modified_gmt":"2026-05-06T06:20:56","slug":"ip-laboratorium-wezwania-do-zaniechania-gdy-piszemy-w-imieniu-klienta","status":"publish","type":"product","link":"https:\/\/poraj.com\/sklep\/produkt\/ip-laboratorium-wezwania-do-zaniechania-gdy-piszemy-w-imieniu-klienta\/","title":{"rendered":"IP Laboratorium: Wezwania do zaniechania &#8211; gdy piszemy w imieniu klienta"},"content":{"rendered":"<p><span style=\"font-weight: 400;\">Wezwanie do zaniechania to moment, w kt\u00f3rym liczy si\u0119 szybko\u015b\u0107, ale jeszcze bardziej liczy si\u0119 strategia: co sprawdzi\u0107, co napisa\u0107, czego nie pisa\u0107 i jak nie pogorszy\u0107 pozycji klienta (po obu stronach sporu).<\/span><\/p>\n<h2><b>Forma<\/b><\/h2>\n<ul>\n<li style=\"font-weight: 400;\" aria-level=\"1\"><span style=\"font-weight: 400;\">Spotkanie 2: NAGRANIE SPOTKANIA (90 min) \u2014 gdy piszemy w imieniu klienta<\/span><\/li>\n<\/ul>\n<p><span style=\"font-weight: 400;\">W ramach zakupu otrzymujesz 3 &#8211; miesi\u0119czny dost\u0119p do nagrania drugiego spotkania serii IP Laboratorium.<\/span><\/p>\n<h2><b>Zakres<\/b><\/h2>\n<p><span style=\"font-weight: 400;\">Pracujemy g\u0142\u00f3wnie na przyk\u0142adach dotycz\u0105cych znak\u00f3w towarowych (to najcz\u0119stsze wezwania i najwi\u0119cej praktycznych sytuacji).<\/span><span style=\"font-weight: 400;\"><br \/>\n<\/span><span style=\"font-weight: 400;\"> Ramy i cz\u0119\u015b\u0107 case\u2019\u00f3w mog\u0105 dotyczy\u0107 r\u00f3wnie\u017c innych praw IP, m.in. wzor\u00f3w przemys\u0142owych, wzor\u00f3w u\u017cytkowych,\u00a0 patent\u00f3w, prawa autor<\/span><span style=\"font-weight: 400;\">skiego oraz u.z.n.k.<\/span><\/p>\n<p>&nbsp;<\/p>\n<h2><b>Co otrzymujesz<\/b><\/h2>\n<p><span style=\"font-weight: 400;\">W ramach zakupu dostajesz:<\/span><\/p>\n<ul>\n<li aria-level=\"1\">1 nagranie spotkania (90 min)<\/li>\n<li style=\"font-weight: 400;\" aria-level=\"1\"><span style=\"font-weight: 400;\">dost\u0119p do nagra\u0144 na 3 miesi\u0105ce<\/span><\/li>\n<li style=\"font-weight: 400;\" aria-level=\"1\"><span style=\"font-weight: 400;\">materia\u0142y pomocnicze PDF (checklista): Wezwanie do zaniechania narusze\u0144 praw IP w praktyce<\/span><\/li>\n<\/ul>\n<h2><b>Cena\u00a0<\/b><\/h2>\n<p><span style=\"font-weight: 400;\">450z\u0142 netto <\/span><\/p>\n<h2><b>Wa\u017cne informacje (poufno\u015b\u0107 i charakter spotka\u0144)<\/b><\/h2>\n<ul>\n<li style=\"font-weight: 400;\" aria-level=\"1\"><span style=\"font-weight: 400;\">Poufno\u015b\u0107: Warunkiem dost\u0119pu do nagrania jest zobowi\u0105zanie si\u0119 do zachowania poufno\u015bci w zakresie informacji, kt\u00f3re mog\u0105 mie\u0107 charakter wra\u017cliwy i mog\u0105 pojawi\u0107 si\u0119 podczas omawiania case\u2019\u00f3w (w szczeg\u00f3lno\u015bci dotycz\u0105cych klient\u00f3w, spraw, strategii, dokument\u00f3w lub okoliczno\u015bci faktycznych).<\/span><\/li>\n<li style=\"font-weight: 400;\" aria-level=\"1\"><span style=\"font-weight: 400;\">Brak porady prawnej: IP Laboratorium ma charakter edukacyjno-coachingowy. Nie jest to indywidualna porada prawna ani us\u0142uga reprezentacji w konkretnej sprawie.<\/span><\/li>\n<\/ul>\n<h2><b>Faktura VAT<\/b><\/h2>\n<p><span style=\"font-weight: 400;\">Sprzeda\u017c odbywa si\u0119 co do zasady na podstawie faktury VAT (B2B). Faktura zostanie wystawiona zgodnie z danymi podanymi w zam\u00f3wieniu.<\/span><\/p>\n","protected":false},"excerpt":{"rendered":"<p><span style=\"font-weight: 400;\">Wezwanie do zaniechania to moment, w kt\u00f3rym liczy si\u0119 szybko\u015b\u0107, ale jeszcze bardziej liczy si\u0119 strategia: co sprawdzi\u0107, co napisa\u0107, czego nie pisa\u0107 i jak nie pogorszy\u0107 pozycji klienta (po obu stronach sporu).<\/span><\/p>\n","protected":false},"featured_media":1322,"template":"","meta":{"_acf_changed":false},"product_brand":[],"product_cat":[72],"product_tag":[],"wyroznione":[],"class_list":{"0":"post-1321","1":"product","2":"type-product","3":"status-publish","4":"has-post-thumbnail","6":"product_cat-materialy-video","8":"first","9":"instock","10":"virtual","11":"sold-individually","12":"taxable","13":"purchasable","14":"product-type-simple"},"acf":[],"_links":{"self":[{"href":"https:\/\/poraj.com\/sklep\/wp-json\/wp\/v2\/product\/1321","targetHints":{"allow":["GET"]}}],"collection":[{"href":"https:\/\/poraj.com\/sklep\/wp-json\/wp\/v2\/product"}],"about":[{"href":"https:\/\/poraj.com\/sklep\/wp-json\/wp\/v2\/types\/product"}],"wp:featuredmedia":[{"embeddable":true,"href":"https:\/\/poraj.com\/sklep\/wp-json\/wp\/v2\/media\/1322"}],"wp:attachment":[{"href":"https:\/\/poraj.com\/sklep\/wp-json\/wp\/v2\/media?parent=1321"}],"wp:term":[{"taxonomy":"product_brand","embeddable":true,"href":"https:\/\/poraj.com\/sklep\/wp-json\/wp\/v2\/product_brand?post=1321"},{"taxonomy":"product_cat","embeddable":true,"href":"https:\/\/poraj.com\/sklep\/wp-json\/wp\/v2\/product_cat?post=1321"},{"taxonomy":"product_tag","embeddable":true,"href":"https:\/\/poraj.com\/sklep\/wp-json\/wp\/v2\/product_tag?post=1321"},{"taxonomy":"wyroznione","embeddable":true,"href":"https:\/\/poraj.com\/sklep\/wp-json\/wp\/v2\/wyroznione?post=1321"}],"curies":[{"name":"wp","href":"https:\/\/api.w.org\/{rel}","templated":true}]}}