{"id":1269,"date":"2026-03-12T19:22:46","date_gmt":"2026-03-12T18:22:46","guid":{"rendered":"https:\/\/poraj.com\/sklep\/?post_type=product&#038;p=1269"},"modified":"2026-03-29T11:13:06","modified_gmt":"2026-03-29T09:13:06","slug":"ip-laboratorium-wezwania-do-zaniechania-w-praktyce-2x90-min","status":"publish","type":"product","link":"https:\/\/poraj.com\/sklep\/produkt\/ip-laboratorium-wezwania-do-zaniechania-w-praktyce-2x90-min\/","title":{"rendered":"IP Laboratorium: Wezwania do zaniechania &#8211; w praktyce (2\u00d790 min)"},"content":{"rendered":"<p><span style=\"font-weight: 400;\">Wezwanie do zaniechania to moment, w kt\u00f3rym liczy si\u0119 szybko\u015b\u0107, ale jeszcze bardziej liczy si\u0119 strategia: co sprawdzi\u0107, co napisa\u0107, czego nie pisa\u0107 i jak nie pogorszy\u0107 pozycji klienta (po obu stronach sporu).<\/span><\/p>\n<p><span style=\"font-weight: 400;\">Ta edycja IP Laboratorium to zamkni\u0119ta grupa coachingowa &#8211; nastawiona na praktyczne ramy decyzyjne, Q&amp;A i analiz\u0119 realnych sytuacji.<\/span><\/p>\n<h2><b>Terminy i forma<\/b><\/h2>\n<ul>\n<li style=\"font-weight: 400;\" aria-level=\"1\"><span style=\"font-weight: 400;\">Spotkanie 1: czwartek 9.04.2026, godz. 11:30 (90 min) \u2014 gdy klient otrzymuje wezwanie<\/span><\/li>\n<li style=\"font-weight: 400;\" aria-level=\"1\"><span style=\"font-weight: 400;\">Spotkanie 2: czwartek 23.04.2026, godz. 11:30 (90 min) \u2014 gdy klient wysy\u0142a wezwanie<\/span><\/li>\n<\/ul>\n<p><span style=\"font-weight: 400;\">Spotkania odbywaj\u0105 si\u0119 na \u017cywo, a po nich dost\u0119pne s\u0105 nagrania (3 miesi\u0105ce).<\/span><\/p>\n<h2><b>Zakres<\/b><\/h2>\n<p><span style=\"font-weight: 400;\">Pracujemy g\u0142\u00f3wnie na przyk\u0142adach dotycz\u0105cych znak\u00f3w towarowych (to najcz\u0119stsze wezwania i najwi\u0119cej praktycznych sytuacji).<\/span><span style=\"font-weight: 400;\"><br \/>\n<\/span><span style=\"font-weight: 400;\"> Ramy i cz\u0119\u015b\u0107 case\u2019\u00f3w mog\u0105 dotyczy\u0107 r\u00f3wnie\u017c innych praw IP, m.in. wzor\u00f3w przemys\u0142owych, wzor\u00f3w u\u017cytkowych,\u00a0 patent\u00f3w, prawa autor<\/span><span style=\"font-weight: 400;\">skiego oraz u.z.n.k.<\/span><\/p>\n<p>&nbsp;<\/p>\n<h2><b>Co otrzymujesz<\/b><\/h2>\n<p><span style=\"font-weight: 400;\">W ramach udzia\u0142u dostajesz:<\/span><\/p>\n<ul>\n<li style=\"font-weight: 400;\" aria-level=\"1\"><span style=\"font-weight: 400;\">2 spotkania live (90 min)<\/span><\/li>\n<li style=\"font-weight: 400;\" aria-level=\"1\"><span style=\"font-weight: 400;\">coaching grupowy + Q&amp;A<\/span><\/li>\n<li style=\"font-weight: 400;\" aria-level=\"1\"><span style=\"font-weight: 400;\">dost\u0119p do nagra\u0144 na 3 miesi\u0105ce<\/span><\/li>\n<li style=\"font-weight: 400;\" aria-level=\"1\"><span style=\"font-weight: 400;\">materia\u0142y pomocnicze PDF (checklista): Wezwanie do zaniechania narusze\u0144 praw IP w praktyce<\/span><\/li>\n<\/ul>\n<h2><b>Dla ch\u0119tnych: analiza case\u2019\u00f3w (8 miejsc)<\/b><\/h2>\n<p><span style=\"font-weight: 400;\">W tej edycji om\u00f3wi\u0119 8 case\u2019\u00f3w wybranych spo\u015br\u00f3d zg\u0142osze\u0144.<\/span><\/p>\n<p><span style=\"font-weight: 400;\">Jak zg\u0142osi\u0107 case?<\/span><span style=\"font-weight: 400;\"><br \/>\n<\/span><span style=\"font-weight: 400;\"> Po zakupie otrzymasz link do formularza zg\u0142oszenia. Case\u2019y omawiamy w formule mo\u017cliwie anonimowej \u2014 bez nazw firm i danych wra\u017cliwych lub pe\u0142nej. Je\u015bli do rzetelnej analizy potrzebny jest dodatkowy kontekst, ustalimy bezpieczny zakres informacji do podania.<\/span><\/p>\n<h2><b>Cena\u00a0<\/b><\/h2>\n<p><span style=\"font-weight: 400;\">Cena regularna: 2720 z\u0142 netto.<\/span><\/p>\n<h2><b>Wa\u017cne informacje (poufno\u015b\u0107 i charakter spotka\u0144)<\/b><\/h2>\n<ul>\n<li style=\"font-weight: 400;\" aria-level=\"1\"><span style=\"font-weight: 400;\">Poufno\u015b\u0107: Warunkiem uczestnictwa w spotkaniach jest zobowi\u0105zanie si\u0119 do zachowania poufno\u015bci w zakresie informacji, kt\u00f3re mog\u0105 mie\u0107 charakter wra\u017cliwy i mog\u0105 pojawi\u0107 si\u0119 podczas omawiania case\u2019\u00f3w (w szczeg\u00f3lno\u015bci dotycz\u0105cych klient\u00f3w, spraw, strategii, dokument\u00f3w lub okoliczno\u015bci faktycznych).<\/span><\/li>\n<li style=\"font-weight: 400;\" aria-level=\"1\"><span style=\"font-weight: 400;\">Brak porady prawnej: IP Laboratorium ma charakter edukacyjno-coachingowy. Nie jest to indywidualna porada prawna ani us\u0142uga reprezentacji w konkretnej sprawie.<\/span><\/li>\n<\/ul>\n<h2><b>Faktura VAT<\/b><\/h2>\n<p><span style=\"font-weight: 400;\">Sprzeda\u017c odbywa si\u0119 co do zasady na podstawie faktury VAT (B2B). Faktura zostanie wystawiona zgodnie z danymi podanymi w zam\u00f3wieniu.<\/span><\/p>\n<h2><b>FAQ<\/b><\/h2>\n<p><span style=\"font-weight: 400;\">1) **Dla kogo jest IP Laboratorium?**<\/span><\/p>\n<p><span style=\"font-weight: 400;\">Dla prawnik\u00f3w obs\u0142uguj\u0105cych biznes (kancelaria lub in-house), kt\u00f3rzy w praktyce spotykaj\u0105 si\u0119 z tematami IP \u2014 szczeg\u00f3lnie gdy pojawia si\u0119 **wezwanie do zaniechania** (po stronie wzywanej lub wzywaj\u0105cej).<\/span><\/p>\n<p><span style=\"font-weight: 400;\">\u00a02) **Czy to jest szkolenie \u201eod podstaw\u201d?**<\/span><\/p>\n<p><span style=\"font-weight: 400;\">Nie. To **zamkni\u0119ta grupa coachingowa w formule praktycznej**: dostajesz ramy dzia\u0142ania, a potem pracujemy na realnych sytuacjach (Q&amp;A + analiza case\u2019\u00f3w). To ma pom\u00f3c w podejmowaniu decyzji i uporz\u0105dkowaniu strategii, a nie by\u0107 pe\u0142nym kursem IP od zera.<\/span><\/p>\n<p><span style=\"font-weight: 400;\">3) **Jaki jest g\u0142\u00f3wny zakres merytoryczny?**<\/span><\/p>\n<p><span style=\"font-weight: 400;\">Pracujemy g\u0142\u00f3wnie na przyk\u0142adach dotycz\u0105cych **znak\u00f3w towarowych** (to najcz\u0119stsze wezwania i najwi\u0119cej praktycznych sytuacji). Ramy i cz\u0119\u015b\u0107 case\u2019\u00f3w mog\u0105 dotyczy\u0107 te\u017c innych praw IP, m.in. **wzor\u00f3w przemys\u0142owych, patent\u00f3w, prawa autorskiego i u.z.n.k.**<\/span><\/p>\n<p><span style=\"font-weight: 400;\">4) **Czy musz\u0119 by\u0107 na \u017cywo?**<\/span><\/p>\n<p><span style=\"font-weight: 400;\">Nie. Spotkania s\u0105 na \u017cywo, ale otrzymujesz **dost\u0119p do nagra\u0144 na 3 miesi\u0105ce**, wi\u0119c mo\u017cesz wr\u00f3ci\u0107 do materia\u0142u w dogodnym czasie.<\/span><\/p>\n<p><span style=\"font-weight: 400;\">5) **Jak dzia\u0142a analiza case\u2019\u00f3w (8 miejsc)?**<\/span><\/p>\n<p><span style=\"font-weight: 400;\">Po zakupie otrzymasz link do formularza zg\u0142oszenia case\u2019u. Spo\u015br\u00f3d zg\u0142osze\u0144 wybior\u0119 **8 case\u2019\u00f3w** do om\u00f3wienia na \u017cywo, tak aby by\u0142y jak najbardziej warto\u015bciowe dla grupy.<\/span><\/p>\n<p><span style=\"font-weight: 400;\">6) Anonimowo\u015b\u0107: czy musz\u0119 ujawnia\u0107 dane klienta\/firmy?**<\/span><\/p>\n<p><span style=\"font-weight: 400;\">Nie. Case\u2019y omawiamy **w formule mo\u017cliwie anonimowej**. Prosz\u0119 nie podawa\u0107 nazw firm ani danych wra\u017cliwych. Je\u015bli do rzetelnej analizy potrzebny b\u0119dzie dodatkowy kontekst, ustalimy bezpieczny zakres informacji do podania.<\/span><\/p>\n<p><span style=\"font-weight: 400;\">7) Czy to jest porada prawna \/ czy obejmuje reprezentacj\u0119 w sprawie?<\/span><\/p>\n<p><span style=\"font-weight: 400;\">Nie. IP Laboratorium ma charakter **edukacyjno-coachingowy**. Omawiamy ramy dzia\u0142ania i przyk\u0142ady, aby u\u0142atwi\u0107 podejmowanie decyzji w praktyce.\u00a0\u00a0<\/span><\/p>\n<p><span style=\"font-weight: 400;\">Nie jest to indywidualna porada prawna ani us\u0142uga reprezentacji w konkretnej sprawie.<\/span><\/p>\n<p><span style=\"font-weight: 400;\">\u00a08) **Faktura VAT**<\/span><\/p>\n<p><span style=\"font-weight: 400;\">Z regu\u0142y sprzeda\u017c odbywa si\u0119 na podstawie **faktury VAT**. Po zakupie w sklepie otrzymasz faktur\u0119 zgodnie z danymi podanymi w zam\u00f3wieniu.<\/span><\/p>\n<p><span style=\"font-weight: 400;\">9) Poufno\u015b\u0107<\/span><\/p>\n<p><span style=\"font-weight: 400;\">Warunkiem uczestnictwa w spotkaniach jest zobowi\u0105zanie si\u0119 do zachowania poufno\u015bci w zakresie informacji, kt\u00f3re mog\u0105 mie\u0107 charakter wra\u017cliwy i mog\u0105 pojawi\u0107 si\u0119 w trakcie omawiania case\u2019\u00f3w (w szczeg\u00f3lno\u015bci informacji dotycz\u0105cych klient\u00f3w, spraw, strategii, dokument\u00f3w lub okoliczno\u015bci faktycznych).<\/span><span style=\"font-weight: 400;\"><br \/>\n<\/span><span style=\"font-weight: 400;\"> W praktyce oznacza to m.in., \u017ce uczestnicy nie udost\u0119pniaj\u0105 osobom trzecim tre\u015bci omawianych case\u2019\u00f3w ani materia\u0142\u00f3w w spos\u00f3b umo\u017cliwiaj\u0105cy identyfikacj\u0119 podmiot\u00f3w lub szczeg\u00f3\u0142\u00f3w sprawy.<\/span><\/p>\n","protected":false},"excerpt":{"rendered":"<p><span style=\"font-weight: 400;\">Wezwanie do zaniechania to moment, w kt\u00f3rym liczy si\u0119 szybko\u015b\u0107, ale jeszcze bardziej liczy si\u0119 strategia: co sprawdzi\u0107, co napisa\u0107, czego nie pisa\u0107 i jak nie pogorszy\u0107 pozycji klienta (po obu stronach sporu).<\/span><\/p>\n<p><span style=\"font-weight: 400;\">Ta edycja IP Laboratorium to zamkni\u0119ta grupa coachingowa &#8211; nastawiona na praktyczne ramy decyzyjne, Q&amp;A i analiz\u0119 realnych sytuacji.<\/span><\/p>\n","protected":false},"featured_media":1271,"template":"","meta":{"_acf_changed":false},"product_brand":[],"product_cat":[67],"product_tag":[],"wyroznione":[],"class_list":{"0":"post-1269","1":"product","2":"type-product","3":"status-publish","4":"has-post-thumbnail","6":"product_cat-kursy","8":"first","9":"instock","10":"virtual","11":"sold-individually","12":"taxable","13":"purchasable","14":"product-type-simple"},"acf":[],"_links":{"self":[{"href":"https:\/\/poraj.com\/sklep\/wp-json\/wp\/v2\/product\/1269","targetHints":{"allow":["GET"]}}],"collection":[{"href":"https:\/\/poraj.com\/sklep\/wp-json\/wp\/v2\/product"}],"about":[{"href":"https:\/\/poraj.com\/sklep\/wp-json\/wp\/v2\/types\/product"}],"wp:featuredmedia":[{"embeddable":true,"href":"https:\/\/poraj.com\/sklep\/wp-json\/wp\/v2\/media\/1271"}],"wp:attachment":[{"href":"https:\/\/poraj.com\/sklep\/wp-json\/wp\/v2\/media?parent=1269"}],"wp:term":[{"taxonomy":"product_brand","embeddable":true,"href":"https:\/\/poraj.com\/sklep\/wp-json\/wp\/v2\/product_brand?post=1269"},{"taxonomy":"product_cat","embeddable":true,"href":"https:\/\/poraj.com\/sklep\/wp-json\/wp\/v2\/product_cat?post=1269"},{"taxonomy":"product_tag","embeddable":true,"href":"https:\/\/poraj.com\/sklep\/wp-json\/wp\/v2\/product_tag?post=1269"},{"taxonomy":"wyroznione","embeddable":true,"href":"https:\/\/poraj.com\/sklep\/wp-json\/wp\/v2\/wyroznione?post=1269"}],"curies":[{"name":"wp","href":"https:\/\/api.w.org\/{rel}","templated":true}]}}