{"id":1210,"date":"2025-10-16T21:22:23","date_gmt":"2025-10-16T19:22:23","guid":{"rendered":"https:\/\/poraj.com\/sklep\/?post_type=product&#038;p=1210"},"modified":"2025-11-16T09:26:37","modified_gmt":"2025-11-16T08:26:37","slug":"trademark-starter","status":"publish","type":"product","link":"https:\/\/poraj.com\/sklep\/produkt\/trademark-starter\/","title":{"rendered":"Trademark Starter \u2013 4 filary ochrony marki"},"content":{"rendered":"<p data-pm-slice=\"1 1 []\">Ka\u017cda skuteczna ochrona marki opiera si\u0119 na czterech decyzjach: posta\u0107 znaku, towary i us\u0142ugi, terytorium i czas.<\/p>\n<p data-pm-slice=\"1 1 []\">To one okre\u015blaj\u0105, co chronimy, w jakim zakresie i jak budujemy trwa\u0142o\u015b\u0107 ochrony.<\/p>\n<p data-pm-slice=\"1 1 []\"><strong>Trademark Starter<\/strong> to szkolenie, kt\u00f3re porz\u0105dkuje i wyja\u015bnia te cztery filary \u2013 w spos\u00f3b praktyczny, zrozumia\u0142y i oparty na do\u015bwiadczeniu pracy z realnymi zg\u0142oszeniami.<\/p>\n<p data-pm-slice=\"1 1 []\">Skupimy si\u0119 szczeg\u00f3lnie na dw\u00f3ch fundamentach: znaku oraz wykazie towar\u00f3w i us\u0142ug \u2013 tam, gdzie zaczyna si\u0119 ka\u017cda strategia ochrony marki.<\/p>\n<p>\ud83d\udd52<strong> W trakcie 3-godzinnego szkolenia:<\/strong><\/p>\n<ul>\n<li>om\u00f3wimy r\u00f3\u017cne postacie znak\u00f3w (s\u0142owne, graficzne, s\u0142owno-graficzne, i nie tylko) i to, jak wyb\u00f3r wp\u0142ywa na zakres ochrony,<\/li>\n<li>poka\u017cemy i wyja\u015bnimy, jak budowa\u0107 wykaz towar\u00f3w i us\u0142ug, kt\u00f3ry wspiera strategi\u0119 biznesow\u0105 klienta i b\u0119dzie zaakceptowany przez urz\u0105d; nauczymy te\u017c obrony wykazu przed urz\u0119dem<\/li>\n<li>wska\u017cemy, jak decyzje dotycz\u0105ce terytorium i czasu dope\u0142niaj\u0105 pe\u0142nego systemu ochrony,<\/li>\n<li>uporz\u0105dkujemy cztery filary tak, by ka\u017cdy kolejny proces rejestracyjny by\u0142 sp\u00f3jny i przewidywalny.<\/li>\n<\/ul>\n<p><strong>Dla kogo:<\/strong><\/p>\n<ul>\n<li>prawnicy, radcowie prawni, adwokaci, aplikanci tak\u017ce rzecznikowscy \ud83d\ude42<\/li>\n<li>kancelarie rozwijaj\u0105ce us\u0142ugi z zakresu ochrony marki,<\/li>\n<li>praktycy, kt\u00f3rzy chc\u0105 wzmacnia\u0107 argumentacj\u0119 wobec klient\u00f3w i urz\u0119d\u00f3w oraz podejmowa\u0107 decyzje strategicznie, nie formalnie.<\/li>\n<\/ul>\n","protected":false},"excerpt":{"rendered":"<p data-pm-slice=\"1 1 []\">Ka\u017cda skuteczna ochrona marki opiera si\u0119 na czterech decyzjach: posta\u0107 znaku, towary i us\u0142ugi, terytorium i czas.<\/p>\n<p data-pm-slice=\"1 1 []\">To one okre\u015blaj\u0105, co chronimy, w jakim zakresie i jak budujemy trwa\u0142o\u015b\u0107 ochrony.<\/p>\n<p data-pm-slice=\"1 1 []\"><strong>Trademark Starter<\/strong> to szkolenie, kt\u00f3re porz\u0105dkuje i wyja\u015bnia te cztery filary \u2013 w spos\u00f3b praktyczny, zrozumia\u0142y i oparty na do\u015bwiadczeniu pracy z realnymi zg\u0142oszeniami.<\/p>\n","protected":false},"featured_media":1211,"template":"","meta":{"_acf_changed":false},"product_brand":[],"product_cat":[67],"product_tag":[],"wyroznione":[],"class_list":{"0":"post-1210","1":"product","2":"type-product","3":"status-publish","4":"has-post-thumbnail","6":"product_cat-kursy","8":"first","9":"instock","10":"virtual","11":"sold-individually","12":"taxable","13":"purchasable","14":"product-type-simple"},"acf":[],"_links":{"self":[{"href":"https:\/\/poraj.com\/sklep\/wp-json\/wp\/v2\/product\/1210","targetHints":{"allow":["GET"]}}],"collection":[{"href":"https:\/\/poraj.com\/sklep\/wp-json\/wp\/v2\/product"}],"about":[{"href":"https:\/\/poraj.com\/sklep\/wp-json\/wp\/v2\/types\/product"}],"wp:featuredmedia":[{"embeddable":true,"href":"https:\/\/poraj.com\/sklep\/wp-json\/wp\/v2\/media\/1211"}],"wp:attachment":[{"href":"https:\/\/poraj.com\/sklep\/wp-json\/wp\/v2\/media?parent=1210"}],"wp:term":[{"taxonomy":"product_brand","embeddable":true,"href":"https:\/\/poraj.com\/sklep\/wp-json\/wp\/v2\/product_brand?post=1210"},{"taxonomy":"product_cat","embeddable":true,"href":"https:\/\/poraj.com\/sklep\/wp-json\/wp\/v2\/product_cat?post=1210"},{"taxonomy":"product_tag","embeddable":true,"href":"https:\/\/poraj.com\/sklep\/wp-json\/wp\/v2\/product_tag?post=1210"},{"taxonomy":"wyroznione","embeddable":true,"href":"https:\/\/poraj.com\/sklep\/wp-json\/wp\/v2\/wyroznione?post=1210"}],"curies":[{"name":"wp","href":"https:\/\/api.w.org\/{rel}","templated":true}]}}