{"id":1190,"date":"2025-09-17T19:55:52","date_gmt":"2025-09-17T17:55:52","guid":{"rendered":"https:\/\/poraj.com\/sklep\/?post_type=product&#038;p=1190"},"modified":"2025-10-10T21:09:40","modified_gmt":"2025-10-10T19:09:40","slug":"vip-access-warsztaty-znaki-towarowe-w-praktyce-prawnika","status":"publish","type":"product","link":"https:\/\/poraj.com\/sklep\/produkt\/vip-access-warsztaty-znaki-towarowe-w-praktyce-prawnika\/","title":{"rendered":"VIP Access: Warsztaty &#8222;Znaki Towarowe w Praktyce Prawnika&#8221;"},"content":{"rendered":"<p dir=\"ltr\">\ud83d\udc8e\u00a0<strong>Dost\u0119p VIP \u2013 dla wymagaj\u0105cych<\/strong><\/p>\n<p>Dzi\u0119ki niemu zyskasz:<\/p>\n<p>\u2714\u00a0Dost\u0119p do nagra\u0144 ze wszystkich 3 dni warsztat\u00f3w (w wersji darmowej nagrania s\u0105 dost\u0119pne tylko w czasie power tygodnia).<br \/>\n\u2714\u00a0Materia\u0142y pomocnicze\u00a0do warsztat\u00f3w \u2013 checklisty i \u0107wiczenia do wykorzystania w praktyce.<br \/>\n\u2714\u00a0Notatki z warsztat\u00f3w\u00a0\u2013 podsumowanie najwa\u017cniejszych tre\u015bci w formie skr\u00f3conej, aby \u0142atwo wr\u00f3ci\u0107 do kluczowych punkt\u00f3w.<br \/>\n\u2714\u00a0Certyfikat uczestnictwa &#8211; potwierdzenie, kt\u00f3re mo\u017cesz wykorzysta\u0107 w komunikacji z klientami lub na LinkedIn.<br \/>\n\u2714 Dowiesz si\u0119, gdzie ukryte s\u0105 najwi\u0119ksze ryzyka prawne i jak mo\u017ce je rozbroi\u0107 prawnik ju\u017c na pierwszym spotkaniu z klientem.<br \/>\n\u2714 Poznasz najcz\u0119stsze b\u0142\u0119dy klient\u00f3w (i prawnik\u00f3w) oraz pytania, kt\u00f3re powinna\u015b\/niene\u015b zada\u0107 przy ka\u017cdej nowej marce.<br \/>\n\u2714 Otrzymasz przejrzyst\u0105 struktur\u0119 dzia\u0142ania, kt\u00f3r\u0105 mo\u017cesz wdro\u017cy\u0107 od razu sam(a) lub z nami.<\/p>\n","protected":false},"excerpt":{"rendered":"<p>\ud83d\udc8e\u00a0Dost\u0119p VIP \u2013 dla wymagaj\u0105cych Dzi\u0119ki niemu zyskasz: \u2714\u00a0Dost\u0119p do nagra\u0144 ze wszystkich 3 dni warsztat\u00f3w (w wersji darmowej nagrania s\u0105 dost\u0119pne tylko w czasie power tygodnia). \u2714\u00a0Materia\u0142y pomocnicze\u00a0do warsztat\u00f3w \u2013 checklisty i \u0107wiczenia do wykorzystania w praktyce. \u2714\u00a0Notatki z warsztat\u00f3w\u00a0\u2013 podsumowanie najwa\u017cniejszych tre\u015bci w formie skr\u00f3conej, aby \u0142atwo wr\u00f3ci\u0107 do kluczowych punkt\u00f3w. \u2714\u00a0Certyfikat uczestnictwa [&hellip;]<\/p>\n","protected":false},"featured_media":1204,"template":"","meta":{"_acf_changed":false},"product_brand":[],"product_cat":[67],"product_tag":[],"wyroznione":[],"class_list":{"0":"post-1190","1":"product","2":"type-product","3":"status-publish","4":"has-post-thumbnail","6":"product_cat-kursy","8":"first","9":"instock","10":"virtual","11":"sold-individually","12":"taxable","13":"purchasable","14":"product-type-simple"},"acf":[],"_links":{"self":[{"href":"https:\/\/poraj.com\/sklep\/wp-json\/wp\/v2\/product\/1190","targetHints":{"allow":["GET"]}}],"collection":[{"href":"https:\/\/poraj.com\/sklep\/wp-json\/wp\/v2\/product"}],"about":[{"href":"https:\/\/poraj.com\/sklep\/wp-json\/wp\/v2\/types\/product"}],"wp:featuredmedia":[{"embeddable":true,"href":"https:\/\/poraj.com\/sklep\/wp-json\/wp\/v2\/media\/1204"}],"wp:attachment":[{"href":"https:\/\/poraj.com\/sklep\/wp-json\/wp\/v2\/media?parent=1190"}],"wp:term":[{"taxonomy":"product_brand","embeddable":true,"href":"https:\/\/poraj.com\/sklep\/wp-json\/wp\/v2\/product_brand?post=1190"},{"taxonomy":"product_cat","embeddable":true,"href":"https:\/\/poraj.com\/sklep\/wp-json\/wp\/v2\/product_cat?post=1190"},{"taxonomy":"product_tag","embeddable":true,"href":"https:\/\/poraj.com\/sklep\/wp-json\/wp\/v2\/product_tag?post=1190"},{"taxonomy":"wyroznione","embeddable":true,"href":"https:\/\/poraj.com\/sklep\/wp-json\/wp\/v2\/wyroznione?post=1190"}],"curies":[{"name":"wp","href":"https:\/\/api.w.org\/{rel}","templated":true}]}}