{"id":1154,"date":"2025-06-11T21:12:40","date_gmt":"2025-06-11T19:12:40","guid":{"rendered":"https:\/\/poraj.com\/sklep\/?post_type=product&#038;p=1154"},"modified":"2025-06-11T21:25:11","modified_gmt":"2025-06-11T19:25:11","slug":"mini-kurs-video-jak-sprawdzic","status":"publish","type":"product","link":"https:\/\/poraj.com\/sklep\/produkt\/mini-kurs-video-jak-sprawdzic\/","title":{"rendered":"Mini-kurs video &#8222;Jak sprawdzi\u0107, czy nazwa nie jest zaj\u0119ta i czy marka nie jest ju\u017c zarejestrowana dla kogo\u015b innego?&#8221;"},"content":{"rendered":"<p>Dowiedz si\u0119, jak wyeliminowa\u0107 ogromne ryzyko, \u017ce marka, w kt\u00f3r\u0105 inwestujesz Ty lub Tw\u00f3j klient&#8230; ju\u017c nale\u017cy do kogo\u015b innego!<\/p>\n<h3><b>\u00a0Dla kogo jest ten mini-kurs:<\/b><\/h3>\n<ul>\n<li style=\"font-weight: 400;\" aria-level=\"1\"><span style=\"font-weight: 400;\"><strong>Dla prawnik\u00f3w<\/strong> wspieraj\u0105cych klient\u00f3w w wyborze i weryfikacji nazw oraz znak\u00f3w towarowych.<\/span><span style=\"font-weight: 400;\"><br \/>\n<\/span><\/li>\n<li style=\"font-weight: 400;\" aria-level=\"1\"><span style=\"font-weight: 400;\"><strong>Dla specjalist\u00f3w ds. marketingu i brandingu<\/strong> odpowiedzialnych za tworzenie i ochron\u0119 marek.<\/span><\/li>\n<li style=\"font-weight: 400;\" aria-level=\"1\"><strong>Dla przedsi\u0119biorc\u00f3w<\/strong> planuj\u0105cych rejestracj\u0119 nowej marki lub produktu.<\/li>\n<\/ul>\n<h3><b>Co znajdziesz w \u015brodku:<\/b><\/h3>\n<ul>\n<li><span style=\"font-weight: 400;\">Dowiesz si\u0119, jak przeprowadzi\u0107 tzw. wst\u0119pn\u0105\u00a0 weryfikacj\u0119 dost\u0119pno\u015bci nazwy i znaku towarowego..<\/span><\/li>\n<li>Poznasz r\u00f3\u017cnic\u0119 mi\u0119dzy identyczno\u015bci\u0105 a podobie\u0144stwem znak\u00f3w i ich wp\u0142yw na rodzaje bada\u0144 znak\u00f3w.<\/li>\n<li>Otrzymasz praktyczne wskaz\u00f3wki dotycz\u0105ce korzystania z baz danych znak\u00f3w towarowych.<\/li>\n<li>Zrozumiesz, jakie ryzyka niesie za sob\u0105 niew\u0142a\u015bciwa weryfikacja i jak ich unika\u0107.<\/li>\n<\/ul>\n<h3><b>Dlaczego ten mini-kurs jest dla Ciebie szczeg\u00f3lne istotny:<\/b><\/h3>\n<ul>\n<li>Coraz wi\u0119cej klient\u00f3w oczekuje wsparcia przy znakach towarowych.<\/li>\n<li>U\u0142atwia doradztwo przy wyborze nazw i ocenie ryzyk prawnych.<\/li>\n<li>Pozwala unika\u0107 b\u0142\u0119d\u00f3w przy zlecaniu i interpretacji bada\u0144.<\/li>\n<li>Daje przewag\u0119 \u2013 umo\u017cliwia szybk\u0105, samodzieln\u0105 weryfikacj\u0119 oznacze\u0144.<\/li>\n<\/ul>\n","protected":false},"excerpt":{"rendered":"<p>Dowiedz si\u0119, jak wyeliminowa\u0107 ogromne ryzyko, \u017ce marka, w kt\u00f3r\u0105 inwestujesz Ty lub Tw\u00f3j klient&#8230; ju\u017c nale\u017cy do kogo\u015b innego!<\/p>\n","protected":false},"featured_media":1155,"template":"","meta":{"_acf_changed":false},"product_brand":[],"product_cat":[67],"product_tag":[],"wyroznione":[],"class_list":{"0":"post-1154","1":"product","2":"type-product","3":"status-publish","4":"has-post-thumbnail","6":"product_cat-kursy","8":"first","9":"instock","10":"virtual","11":"sold-individually","12":"taxable","13":"purchasable","14":"product-type-simple"},"acf":[],"_links":{"self":[{"href":"https:\/\/poraj.com\/sklep\/wp-json\/wp\/v2\/product\/1154","targetHints":{"allow":["GET"]}}],"collection":[{"href":"https:\/\/poraj.com\/sklep\/wp-json\/wp\/v2\/product"}],"about":[{"href":"https:\/\/poraj.com\/sklep\/wp-json\/wp\/v2\/types\/product"}],"wp:featuredmedia":[{"embeddable":true,"href":"https:\/\/poraj.com\/sklep\/wp-json\/wp\/v2\/media\/1155"}],"wp:attachment":[{"href":"https:\/\/poraj.com\/sklep\/wp-json\/wp\/v2\/media?parent=1154"}],"wp:term":[{"taxonomy":"product_brand","embeddable":true,"href":"https:\/\/poraj.com\/sklep\/wp-json\/wp\/v2\/product_brand?post=1154"},{"taxonomy":"product_cat","embeddable":true,"href":"https:\/\/poraj.com\/sklep\/wp-json\/wp\/v2\/product_cat?post=1154"},{"taxonomy":"product_tag","embeddable":true,"href":"https:\/\/poraj.com\/sklep\/wp-json\/wp\/v2\/product_tag?post=1154"},{"taxonomy":"wyroznione","embeddable":true,"href":"https:\/\/poraj.com\/sklep\/wp-json\/wp\/v2\/wyroznione?post=1154"}],"curies":[{"name":"wp","href":"https:\/\/api.w.org\/{rel}","templated":true}]}}