{"id":1131,"date":"2025-05-08T17:13:31","date_gmt":"2025-05-08T15:13:31","guid":{"rendered":"https:\/\/poraj.com\/sklep\/?post_type=product&#038;p=1131"},"modified":"2025-05-08T17:25:57","modified_gmt":"2025-05-08T15:25:57","slug":"ebook-prawo-autorskie-w-praktyce","status":"publish","type":"product","link":"https:\/\/poraj.com\/sklep\/produkt\/ebook-prawo-autorskie-w-praktyce\/","title":{"rendered":"Ebook Prawo autorskie w praktyce"},"content":{"rendered":"<p><strong>\ud83d\udcd8 Ebook: \u201ePrawo Autorskie w Praktyce. 21 lekcji dla Tw\u00f3rc\u00f3w i Projektant\u00f3w\u201d<\/strong><\/p>\n<p>Pierwszy krok dla tych, kt\u00f3rzy chc\u0105 pozna\u0107 podstawy prawa autorskiego i zacz\u0105\u0107 dzia\u0142a\u0107 legalnie.<\/p>\n<p><strong>Co zyskasz?<\/strong><\/p>\n<p>\u2705\u00a0Podstawy ochrony praw autorskich: Dowiesz si\u0119, co mo\u017cesz publikowa\u0107 i jak zabezpieczy\u0107 swoje projekty.<\/p>\n<p>\u2705\u00a0Unikniesz narusze\u0144: Poznasz zasady dzia\u0142ania na platformach takich jak Instagram, Canva czy YouTube.<\/p>\n<p>\u2705\u00a0Budujesz swoj\u0105 mark\u0119: Nauczysz si\u0119 oznacza\u0107 swoje prace i wzmacnia\u0107 profesjonalny wizerunek.<\/p>\n","protected":false},"excerpt":{"rendered":"<p>\ud83d\udcd8 Ebook: \u201ePrawo Autorskie w Praktyce. 21 lekcji dla Tw\u00f3rc\u00f3w i Projektant\u00f3w\u201d Pierwszy krok dla tych, kt\u00f3rzy chc\u0105 pozna\u0107 podstawy prawa autorskiego i zacz\u0105\u0107 dzia\u0142a\u0107 legalnie. Co zyskasz? \u2705\u00a0Podstawy ochrony praw autorskich: Dowiesz si\u0119, co mo\u017cesz publikowa\u0107 i jak zabezpieczy\u0107 swoje projekty. \u2705\u00a0Unikniesz narusze\u0144: Poznasz zasady dzia\u0142ania na platformach takich jak Instagram, Canva czy YouTube. [&hellip;]<\/p>\n","protected":false},"featured_media":1132,"template":"","meta":{"_acf_changed":false},"product_brand":[],"product_cat":[68],"product_tag":[],"wyroznione":[],"class_list":{"0":"post-1131","1":"product","2":"type-product","3":"status-publish","4":"has-post-thumbnail","6":"product_cat-ebooki","8":"first","9":"instock","10":"featured","11":"downloadable","12":"virtual","13":"sold-individually","14":"taxable","15":"purchasable","16":"product-type-simple"},"acf":[],"_links":{"self":[{"href":"https:\/\/poraj.com\/sklep\/wp-json\/wp\/v2\/product\/1131","targetHints":{"allow":["GET"]}}],"collection":[{"href":"https:\/\/poraj.com\/sklep\/wp-json\/wp\/v2\/product"}],"about":[{"href":"https:\/\/poraj.com\/sklep\/wp-json\/wp\/v2\/types\/product"}],"wp:featuredmedia":[{"embeddable":true,"href":"https:\/\/poraj.com\/sklep\/wp-json\/wp\/v2\/media\/1132"}],"wp:attachment":[{"href":"https:\/\/poraj.com\/sklep\/wp-json\/wp\/v2\/media?parent=1131"}],"wp:term":[{"taxonomy":"product_brand","embeddable":true,"href":"https:\/\/poraj.com\/sklep\/wp-json\/wp\/v2\/product_brand?post=1131"},{"taxonomy":"product_cat","embeddable":true,"href":"https:\/\/poraj.com\/sklep\/wp-json\/wp\/v2\/product_cat?post=1131"},{"taxonomy":"product_tag","embeddable":true,"href":"https:\/\/poraj.com\/sklep\/wp-json\/wp\/v2\/product_tag?post=1131"},{"taxonomy":"wyroznione","embeddable":true,"href":"https:\/\/poraj.com\/sklep\/wp-json\/wp\/v2\/wyroznione?post=1131"}],"curies":[{"name":"wp","href":"https:\/\/api.w.org\/{rel}","templated":true}]}}