{"id":1108,"date":"2025-04-01T23:04:36","date_gmt":"2025-04-01T21:04:36","guid":{"rendered":"https:\/\/poraj.com\/sklep\/?post_type=product&#038;p=1108"},"modified":"2025-05-08T17:24:52","modified_gmt":"2025-05-08T15:24:52","slug":"zestaw-2-ebookow-dla-architektow","status":"publish","type":"product","link":"https:\/\/poraj.com\/sklep\/produkt\/zestaw-2-ebookow-dla-architektow\/","title":{"rendered":"Zestaw 2 ebook\u00f3w dla architekt\u00f3w (Prawo autorskie dla architekt\u00f3w + Prawo autorskie w praktyce)"},"content":{"rendered":"<p>Architekt to tw\u00f3rca &#8211; dlatego w <strong>\u201ePrawo Autorskie w Praktyce. 21 lekcji dla Tw\u00f3rc\u00f3w i Projektant\u00f3w\u201d<\/strong> znajdziesz podstawie informacje odno\u015bnie prawa autorskiego, natomiast w dodatku<strong> &#8222;Prawo autorskie dla architekt\u00f3w&#8221;<\/strong> specyficzne przyk\u0142ady zwi\u0105zane z projektowaniem dla architekt\u00f3w.<\/p>\n<p>&nbsp;<\/p>\n<p><strong>\ud83d\udcd8 Ebook: \u201ePrawo Autorskie w Praktyce. 21 lekcji dla Tw\u00f3rc\u00f3w i Projektant\u00f3w\u201d<\/strong><\/p>\n<p>Pierwszy krok dla tych, kt\u00f3rzy chc\u0105 pozna\u0107 podstawy prawa autorskiego i zacz\u0105\u0107 dzia\u0142a\u0107 legalnie.<\/p>\n<p><strong>Co zyskasz?<\/strong><\/p>\n<p>\u2705\u00a0Podstawy ochrony praw autorskich: Dowiesz si\u0119, co mo\u017cesz publikowa\u0107 i jak zabezpieczy\u0107 swoje projekty.<\/p>\n<p>\u2705\u00a0Unikniesz narusze\u0144: Poznasz zasady dzia\u0142ania na platformach takich jak Instagram, Canva czy YouTube.<\/p>\n<p>\u2705\u00a0Budujesz swoj\u0105 mark\u0119: Nauczysz si\u0119 oznacza\u0107 swoje prace i wzmacnia\u0107 profesjonalny wizerunek.<\/p>\n<p>&nbsp;<\/p>\n<p>\ud83d\udcd6 <strong>Ebook: &#8222;Prawo autorskie dla architekt\u00f3w&#8221;<\/strong><\/p>\n<p class=\"\" data-start=\"238\" data-end=\"537\">Mini przewodnik <strong>&#8222;Prawo autorskie dla architekt\u00f3w&#8221;<\/strong>\u00a0to praktyczna pigu\u0142ka wiedzy dla architekt\u00f3w, kt\u00f3rzy chc\u0105 \u015bwiadomie zarz\u0105dza\u0107 swoimi prawami autorskimi. W formie przyst\u0119pnych pyta\u0144 i odpowiedzi wyja\u015bnia kluczowe kwestie zwi\u0105zane z w\u0142asno\u015bci\u0105 intelektualn\u0105, ochron\u0105 projekt\u00f3w oraz zasadami ich wykorzystania.<\/p>\n<p class=\"\" data-start=\"539\" data-end=\"790\">Dowiesz si\u0119 m.in.:<\/p>\n<p class=\"\" data-start=\"539\" data-end=\"790\">\u2705 Kto jest w\u0142a\u015bcicielem praw autorskich do projektu?<\/p>\n<p class=\"\" data-start=\"539\" data-end=\"790\">\u2705 Czy pomys\u0142y architektoniczne s\u0105 chronione?<\/p>\n<p class=\"\" data-start=\"539\" data-end=\"790\">\u2705 Jak podpisywa\u0107 swoje prace, aby zabezpieczy\u0107 swoje prawa?<\/p>\n<p class=\"\" data-start=\"539\" data-end=\"790\">\u2705 Co zrobi\u0107, gdy klient lub inny architekt zmienia Tw\u00f3j projekt?<\/p>\n<p class=\"\" data-start=\"792\" data-end=\"845\"><strong data-start=\"795\" data-end=\"845\" data-is-last-node=\"\">Zdob\u0105d\u017a wiedz\u0119, kt\u00f3ra ochroni Twoj\u0105 tw\u00f3rczo\u015b\u0107!<\/strong><\/p>\n","protected":false},"excerpt":{"rendered":"<p>Architekt to tw\u00f3rca &#8211; dlatego w \u201ePrawo Autorskie w Praktyce. 21 lekcji dla Tw\u00f3rc\u00f3w i Projektant\u00f3w\u201d znajdziesz podstawie informacje odno\u015bnie prawa autorskiego, natomiast w dodatku &#8222;Prawo autorskie dla architekt\u00f3w&#8221; specyficzne przyk\u0142ady zwi\u0105zane z projektowaniem dla architekt\u00f3w. &nbsp; \ud83d\udcd8 Ebook: \u201ePrawo Autorskie w Praktyce. 21 lekcji dla Tw\u00f3rc\u00f3w i Projektant\u00f3w\u201d Pierwszy krok dla tych, kt\u00f3rzy chc\u0105 [&hellip;]<\/p>\n","protected":false},"featured_media":1112,"template":"","meta":{"_acf_changed":false},"product_brand":[],"product_cat":[68],"product_tag":[],"wyroznione":[],"class_list":{"0":"post-1108","1":"product","2":"type-product","3":"status-publish","4":"has-post-thumbnail","6":"product_cat-ebooki","8":"first","9":"instock","10":"featured","11":"downloadable","12":"virtual","13":"sold-individually","14":"taxable","15":"purchasable","16":"product-type-simple"},"acf":[],"_links":{"self":[{"href":"https:\/\/poraj.com\/sklep\/wp-json\/wp\/v2\/product\/1108","targetHints":{"allow":["GET"]}}],"collection":[{"href":"https:\/\/poraj.com\/sklep\/wp-json\/wp\/v2\/product"}],"about":[{"href":"https:\/\/poraj.com\/sklep\/wp-json\/wp\/v2\/types\/product"}],"wp:featuredmedia":[{"embeddable":true,"href":"https:\/\/poraj.com\/sklep\/wp-json\/wp\/v2\/media\/1112"}],"wp:attachment":[{"href":"https:\/\/poraj.com\/sklep\/wp-json\/wp\/v2\/media?parent=1108"}],"wp:term":[{"taxonomy":"product_brand","embeddable":true,"href":"https:\/\/poraj.com\/sklep\/wp-json\/wp\/v2\/product_brand?post=1108"},{"taxonomy":"product_cat","embeddable":true,"href":"https:\/\/poraj.com\/sklep\/wp-json\/wp\/v2\/product_cat?post=1108"},{"taxonomy":"product_tag","embeddable":true,"href":"https:\/\/poraj.com\/sklep\/wp-json\/wp\/v2\/product_tag?post=1108"},{"taxonomy":"wyroznione","embeddable":true,"href":"https:\/\/poraj.com\/sklep\/wp-json\/wp\/v2\/wyroznione?post=1108"}],"curies":[{"name":"wp","href":"https:\/\/api.w.org\/{rel}","templated":true}]}}