{"id":1101,"date":"2025-03-21T20:54:48","date_gmt":"2025-03-21T19:54:48","guid":{"rendered":"https:\/\/poraj.com\/sklep\/?post_type=product&#038;p=1101"},"modified":"2025-06-08T13:33:30","modified_gmt":"2025-06-08T11:33:30","slug":"znaki-towarowe-w-praktyce-prawnika","status":"publish","type":"product","link":"https:\/\/poraj.com\/sklep\/produkt\/znaki-towarowe-w-praktyce-prawnika\/","title":{"rendered":"Nagranie z 3-dniowych warsztat\u00f3w &#8222;Znaki Towarowe w Praktyce Prawnika&#8221;"},"content":{"rendered":"<p>\u015awiadome doradztwo zaczyna si\u0119 od zrozumienia ryzyk i mo\u017cliwo\u015bci.<\/p>\n<p>Ten mini kurs to 3 praktyczne webinary\/warsztaty\u00a0 przygotowanych z my\u015bl\u0105 o prawnikach, kt\u00f3rzy chc\u0105 pewnie i odpowiedzialnie wspiera\u0107 klient\u00f3w w zakresie znak\u00f3w towarowych.<\/p>\n<p>Dowiesz si\u0119 m.in. :<br \/>\n\ud83d\udd39 kiedy rejestracja znaku jest naprawd\u0119 konieczna,<br \/>\n\ud83d\udd39 jakie b\u0142\u0119dy pope\u0142niaj\u0105 pe\u0142nomocnicy przy zg\u0142oszeniach,<br \/>\n\ud83d\udd39 jak oceni\u0107 zdolno\u015b\u0107 rejestrow\u0105 i poprowadzi\u0107 rozmow\u0119 z klientem,<br \/>\n\ud83d\udd39 jakie pu\u0142apki czekaj\u0105 przy klasyfikacji i wyborze znaku,<br \/>\n\ud83d\udd39 jak wykorzysta\u0107 znaki jako realne narz\u0119dzie przewagi biznesowej.<\/p>\n<p>To nie jest szkolenie pokazuj\u0105ce krok po kroku, jak technicznie zg\u0142osi\u0107 znak, jak budowa\u0107 strategi\u0119.<\/p>\n<p>Nie omawiamy te\u017c tutaj zaawansowanego doradztwa, audytu u\u017cywania znaku, zarz\u0105dzania ca\u0142ym portfelem znak\u00f3w ani monitoringu konkurencji \u2013 to odr\u0119bne, specjalistyczne tematy.<\/p>\n<p>Te warsztaty to must have z praktyki i do\u015bwiadczenia \u2013 z konkretnymi przyk\u0142adami, b\u0142\u0119dami, pytaniami i \u0107wiczeniami.<\/p>\n<p>Dzi\u0119ki nim mo\u017cesz poczu\u0107 si\u0119 swobodniej w rozmowie z klientem i lepiej rozumie\u0107, co doradza\u0107 \u2013 i kiedy.<\/p>\n","protected":false},"excerpt":{"rendered":"<p>\u015awiadome doradztwo zaczyna si\u0119 od zrozumienia ryzyk i mo\u017cliwo\u015bci. Ten mini kurs to 3 praktyczne webinary\/warsztaty\u00a0 przygotowanych z my\u015bl\u0105 o prawnikach, kt\u00f3rzy chc\u0105 pewnie i odpowiedzialnie wspiera\u0107 klient\u00f3w w zakresie znak\u00f3w towarowych. Dowiesz si\u0119 m.in. : \ud83d\udd39 kiedy rejestracja znaku jest naprawd\u0119 konieczna, \ud83d\udd39 jakie b\u0142\u0119dy pope\u0142niaj\u0105 pe\u0142nomocnicy przy zg\u0142oszeniach, \ud83d\udd39 jak oceni\u0107 zdolno\u015b\u0107 rejestrow\u0105 [&hellip;]<\/p>\n","protected":false},"featured_media":1105,"template":"","meta":{"_acf_changed":false},"product_brand":[],"product_cat":[67],"product_tag":[],"wyroznione":[],"class_list":{"0":"post-1101","1":"product","2":"type-product","3":"status-publish","4":"has-post-thumbnail","6":"product_cat-kursy","8":"first","9":"instock","10":"virtual","11":"sold-individually","12":"taxable","13":"purchasable","14":"product-type-simple"},"acf":[],"_links":{"self":[{"href":"https:\/\/poraj.com\/sklep\/wp-json\/wp\/v2\/product\/1101","targetHints":{"allow":["GET"]}}],"collection":[{"href":"https:\/\/poraj.com\/sklep\/wp-json\/wp\/v2\/product"}],"about":[{"href":"https:\/\/poraj.com\/sklep\/wp-json\/wp\/v2\/types\/product"}],"wp:featuredmedia":[{"embeddable":true,"href":"https:\/\/poraj.com\/sklep\/wp-json\/wp\/v2\/media\/1105"}],"wp:attachment":[{"href":"https:\/\/poraj.com\/sklep\/wp-json\/wp\/v2\/media?parent=1101"}],"wp:term":[{"taxonomy":"product_brand","embeddable":true,"href":"https:\/\/poraj.com\/sklep\/wp-json\/wp\/v2\/product_brand?post=1101"},{"taxonomy":"product_cat","embeddable":true,"href":"https:\/\/poraj.com\/sklep\/wp-json\/wp\/v2\/product_cat?post=1101"},{"taxonomy":"product_tag","embeddable":true,"href":"https:\/\/poraj.com\/sklep\/wp-json\/wp\/v2\/product_tag?post=1101"},{"taxonomy":"wyroznione","embeddable":true,"href":"https:\/\/poraj.com\/sklep\/wp-json\/wp\/v2\/wyroznione?post=1101"}],"curies":[{"name":"wp","href":"https:\/\/api.w.org\/{rel}","templated":true}]}}