{"id":1093,"date":"2025-03-21T19:19:46","date_gmt":"2025-03-21T18:19:46","guid":{"rendered":"https:\/\/poraj.com\/sklep\/?post_type=product&#038;p=1093"},"modified":"2025-03-21T20:32:37","modified_gmt":"2025-03-21T19:32:37","slug":"badanie-czystosci-ochronnej-znaku-w-ue","status":"publish","type":"product","link":"https:\/\/poraj.com\/sklep\/produkt\/badanie-czystosci-ochronnej-znaku-w-ue\/","title":{"rendered":"Badanie czysto\u015bci ochronnej znaku w UE"},"content":{"rendered":"<p>W razie pyta\u0144 odno\u015bnie produktu, zach\u0119camy do kontaktu: kancelaria@poraj.com<\/p>\n","protected":false},"excerpt":{"rendered":"<p>W razie pyta\u0144 odno\u015bnie produktu, zach\u0119camy do kontaktu: kancelaria@poraj.com<\/p>\n","protected":false},"featured_media":1097,"template":"","meta":{"_acf_changed":false},"product_brand":[],"product_cat":[43],"product_tag":[],"wyroznione":[],"class_list":{"0":"post-1093","1":"product","2":"type-product","3":"status-publish","4":"has-post-thumbnail","6":"product_cat-konsultacje","8":"first","9":"instock","10":"virtual","11":"sold-individually","12":"taxable","13":"purchasable","14":"product-type-simple"},"acf":[],"_links":{"self":[{"href":"https:\/\/poraj.com\/sklep\/wp-json\/wp\/v2\/product\/1093","targetHints":{"allow":["GET"]}}],"collection":[{"href":"https:\/\/poraj.com\/sklep\/wp-json\/wp\/v2\/product"}],"about":[{"href":"https:\/\/poraj.com\/sklep\/wp-json\/wp\/v2\/types\/product"}],"wp:featuredmedia":[{"embeddable":true,"href":"https:\/\/poraj.com\/sklep\/wp-json\/wp\/v2\/media\/1097"}],"wp:attachment":[{"href":"https:\/\/poraj.com\/sklep\/wp-json\/wp\/v2\/media?parent=1093"}],"wp:term":[{"taxonomy":"product_brand","embeddable":true,"href":"https:\/\/poraj.com\/sklep\/wp-json\/wp\/v2\/product_brand?post=1093"},{"taxonomy":"product_cat","embeddable":true,"href":"https:\/\/poraj.com\/sklep\/wp-json\/wp\/v2\/product_cat?post=1093"},{"taxonomy":"product_tag","embeddable":true,"href":"https:\/\/poraj.com\/sklep\/wp-json\/wp\/v2\/product_tag?post=1093"},{"taxonomy":"wyroznione","embeddable":true,"href":"https:\/\/poraj.com\/sklep\/wp-json\/wp\/v2\/wyroznione?post=1093"}],"curies":[{"name":"wp","href":"https:\/\/api.w.org\/{rel}","templated":true}]}}