{"id":1081,"date":"2025-03-04T20:03:22","date_gmt":"2025-03-04T19:03:22","guid":{"rendered":"https:\/\/poraj.com\/sklep\/?post_type=product&#038;p=1081"},"modified":"2026-01-20T11:05:46","modified_gmt":"2026-01-20T10:05:46","slug":"ip-starter","status":"publish","type":"product","link":"https:\/\/poraj.com\/sklep\/produkt\/ip-starter\/","title":{"rendered":"4-tygodniowy kurs dla prawnik\u00f3w IP STARTER: Zg\u0142oszenie znaku towarowego krok po kroku z asekuracj\u0105!"},"content":{"rendered":"<p>Praktyczny kurs dla prawnik\u00f3w brand manager\u00f3w, aplikant\u00f3w rzecznikowskich i wszystkich doradc\u00f3w, kt\u00f3rzy chc\u0105 poszerzy\u0107 swoj\u0105 ofert\u0119\/wiedz\u0119 o znaki towarowe.<\/p>\n<p>&nbsp;<\/p>\n<h3><strong>\ud83d\udccc Co zyskasz w IP Starter?<\/strong><\/h3>\n<p><span style=\"font-weight: 400;\">\u2705 4-tygodniowy program, kt\u00f3ry przeprowadzi Ci\u0119 przez\u00a0 <\/span><b>proces zg\u0142oszenia znaku towarowego.<\/b><b><br \/>\n<\/b><span style=\"font-weight: 400;\">\u2705 2 tygodnie wprowadzaj\u0105ce i przygotowuj\u0105ce \u2013 nauczysz si\u0119, jak skutecznie doradza\u0107 klientom, pom\u00f3c wybra\u0107 znaki\u00a0 i przygotowa\u0107 dokumenty do zg\u0142oszenia.<\/span><span style=\"font-weight: 400;\"><br \/>\n<\/span><span style=\"font-weight: 400;\">\u2705 Materia\u0142y pomocne do przygotowania siebie i do\u00a0 rozmowy z klientem, \u015bcie\u017cka prowadz\u0105ca do wyboru postaci znaku, towar\u00f3w i us\u0142ug i podj\u0119cia decyzji.<br \/>\n<\/span><span style=\"font-weight: 400;\">\u2705 3 tydzie\u0144 &#8211; warsztaty na \u017cywo \u2013 wsp\u00f3lnie zg\u0142osimy znak krok po kroku.<\/span><span style=\"font-weight: 400;\"><br \/>\n<\/span><span style=\"font-weight: 400;\">\u2705 4 tydzie\u0144 podsumowuj\u0105cy \u2013 sesja pyta\u0144 i odpowiedzi, om\u00f3wienie trudniejszych przypadk\u00f3w i praktyczne wskaz\u00f3wki.<\/span><span style=\"font-weight: 400;\"><br \/>\n<\/span><span style=\"font-weight: 400;\">\u2705 Materia\u0142y dodatkowe \u2013 checklisty, szablony i instrukcje, kt\u00f3re od razu wykorzystasz w swojej pracy.<\/span><\/p>\n<h3><strong>Dla kogo jest IP Starter?<\/strong><\/h3>\n<p><span style=\"font-weight: 400;\">\ud83d\udccc Dla prawnik\u00f3w, doradc\u00f3w i rzecznik\u00f3w patentowych, kt\u00f3rzy chc\u0105 poszerzy\u0107 swoj\u0105 ofert\u0119 o znaki towarowe.<\/span><span style=\"font-weight: 400;\"><br \/>\n<\/span><span style=\"font-weight: 400;\">\ud83d\udccc Dla tych, kt\u00f3rzy maj\u0105 klient\u00f3w pytaj\u0105cych o rejestracj\u0119 znak\u00f3w, ale nie czuj\u0105 si\u0119 jeszcze pewnie w tym temacie.<\/span><span style=\"font-weight: 400;\"><br \/>\n<\/span><span style=\"font-weight: 400;\">\ud83d\udccc Dla os\u00f3b, kt\u00f3re chc\u0105 nauczy\u0107 si\u0119 rejestracji znak\u00f3w w praktyce, a nie tylko w teorii.<\/span><\/p>\n<p><span style=\"font-weight: 400;\">To pierwsza cz\u0119\u015b\u0107, skondensowana\u00a0 wersja IP Detektor \u2013 je\u015bli nie jeste\u015b gotowy na pe\u0142ny program, ale chcesz zdoby\u0107 konkretn\u0105, praktyczn\u0105 umiej\u0119tno\u015b\u0107, IP Starter jest dla Ciebie! Pozwoli Ci to te\u017c wypr\u00f3bowa\u0107, jak si\u0119 z nami pracuje.<\/span><\/p>\n<h3><strong>\ud83d\udccc Jak wygl\u0105da program?<\/strong><\/h3>\n<p><b>Tydzie\u0144 1-2<\/b><\/p>\n<p><span style=\"font-weight: 400;\">Przygotowanie do zg\u0142oszenia znaku, postacie znaku, towary i us\u0142ugi<\/span><\/p>\n<ul>\n<li style=\"font-weight: 400;\" aria-level=\"1\"><span style=\"font-weight: 400;\">Zrozumiesz podstawy znak\u00f3w towarowych i ich rol\u0119 w biznesie.<\/span><\/li>\n<li style=\"font-weight: 400;\" aria-level=\"1\"><span style=\"font-weight: 400;\">Dowiesz si\u0119, jakie s\u0105 rodzaje znak\u00f3w towarowych i jak wybra\u0107 najlepsz\u0105 posta\u0107 znaku m.in. kiedy znak s\u0142owny a kiedy s\u0142owno-graficzny.<\/span><\/li>\n<li style=\"font-weight: 400;\" aria-level=\"1\"><span style=\"font-weight: 400;\">Nauczysz si\u0119 klasyfikowa\u0107 towary i us\u0142ugi zgodnie z systemem Nicejskim.<\/span><\/li>\n<li style=\"font-weight: 400;\" aria-level=\"1\"><span style=\"font-weight: 400;\">Otrzymasz checklist\u0119 do rozm\u00f3w z klientami i dowiesz si\u0119, jakie informacje s\u0105 kluczowe przed zg\u0142oszeniem znaku.<\/span><\/li>\n<\/ul>\n<p><b>Tydzie\u0144 3<\/b><\/p>\n<p><span style=\"font-weight: 400;\">Warsztaty LIVE \u2013 zg\u0142oszenie znaku towarowego w praktyce krok po kroku<\/span><\/p>\n<ul>\n<li style=\"font-weight: 400;\" aria-level=\"1\"><span style=\"font-weight: 400;\">Przejdziesz przez ca\u0142y proces zg\u0142aszania znaku towarowego na rzeczywistych przyk\u0142adach.<\/span><\/li>\n<li style=\"font-weight: 400;\" aria-level=\"1\"><span style=\"font-weight: 400;\">Dowiesz si\u0119, jakie dokumenty s\u0105 wymagane i jak unika\u0107 typowych b\u0142\u0119d\u00f3w.<\/span><\/li>\n<li style=\"font-weight: 400;\" aria-level=\"1\"><span style=\"font-weight: 400;\">Otrzymasz praktyczne wskaz\u00f3wki dotycz\u0105ce wype\u0142niania formularzy zg\u0142oszeniowych.<\/span><\/li>\n<li style=\"font-weight: 400;\" aria-level=\"1\"><span style=\"font-weight: 400;\"><strong>ZG\u0141OSISZ ZNAK TOWAROWY z nami<\/strong>.\u00a0<\/span><\/li>\n<\/ul>\n<p><b>Tydzie\u0144 4<\/b><\/p>\n<p>Podsumowanie:<\/p>\n<ul>\n<li><span style=\"font-weight: 400;\">sesja Q&amp;A,<\/span><\/li>\n<li><span style=\"font-weight: 400;\">analiza przypadk\u00f3w,\u00a0<\/span><\/li>\n<li><span style=\"font-weight: 400;\">om\u00f3wienie pyta\u0144 i w\u0105tpliwo\u015bci.<\/span><\/li>\n<\/ul>\n","protected":false},"excerpt":{"rendered":"<p>Praktyczny kurs dla prawnik\u00f3w brand manager\u00f3w, aplikant\u00f3w rzecznikowskich i wszystkich doradc\u00f3w, kt\u00f3rzy chc\u0105 poszerzy\u0107 swoj\u0105 ofert\u0119\/wiedz\u0119 o\u00a0 znaki towarowe.<\/p>\n<p><strong>Najbli\u017cszy termin warsztat\u00f3w na \u017cywo: 23 lutego 2026<\/strong><\/p>\n","protected":false},"featured_media":1084,"template":"","meta":{"_acf_changed":false},"product_brand":[],"product_cat":[67],"product_tag":[],"wyroznione":[],"class_list":{"0":"post-1081","1":"product","2":"type-product","3":"status-publish","4":"has-post-thumbnail","6":"product_cat-kursy","8":"first","9":"instock","10":"featured","11":"virtual","12":"sold-individually","13":"taxable","14":"purchasable","15":"product-type-simple"},"acf":[],"_links":{"self":[{"href":"https:\/\/poraj.com\/sklep\/wp-json\/wp\/v2\/product\/1081","targetHints":{"allow":["GET"]}}],"collection":[{"href":"https:\/\/poraj.com\/sklep\/wp-json\/wp\/v2\/product"}],"about":[{"href":"https:\/\/poraj.com\/sklep\/wp-json\/wp\/v2\/types\/product"}],"wp:featuredmedia":[{"embeddable":true,"href":"https:\/\/poraj.com\/sklep\/wp-json\/wp\/v2\/media\/1084"}],"wp:attachment":[{"href":"https:\/\/poraj.com\/sklep\/wp-json\/wp\/v2\/media?parent=1081"}],"wp:term":[{"taxonomy":"product_brand","embeddable":true,"href":"https:\/\/poraj.com\/sklep\/wp-json\/wp\/v2\/product_brand?post=1081"},{"taxonomy":"product_cat","embeddable":true,"href":"https:\/\/poraj.com\/sklep\/wp-json\/wp\/v2\/product_cat?post=1081"},{"taxonomy":"product_tag","embeddable":true,"href":"https:\/\/poraj.com\/sklep\/wp-json\/wp\/v2\/product_tag?post=1081"},{"taxonomy":"wyroznione","embeddable":true,"href":"https:\/\/poraj.com\/sklep\/wp-json\/wp\/v2\/wyroznione?post=1081"}],"curies":[{"name":"wp","href":"https:\/\/api.w.org\/{rel}","templated":true}]}}