{"id":1006,"date":"2024-11-16T12:41:05","date_gmt":"2024-11-16T11:41:05","guid":{"rendered":"https:\/\/poraj.com\/sklep\/?post_type=product&#038;p=1006"},"modified":"2025-02-21T21:21:16","modified_gmt":"2025-02-21T20:21:16","slug":"jak-korzystac-z-prawa-ip-w-biznesie-program-grupowy-wraz-z-ip-mentoringiem-1","status":"publish","type":"product","link":"https:\/\/poraj.com\/sklep\/produkt\/jak-korzystac-z-prawa-ip-w-biznesie-program-grupowy-wraz-z-ip-mentoringiem-1\/","title":{"rendered":"&#8222;Jak korzysta\u0107 z prawa IP w biznesie&#8221; &#8211; program grupowy wraz z\u202f IP mentoringiem"},"content":{"rendered":"<h3><\/h3>\n<p>&nbsp;<\/p>\n<hr \/>\n<p>&nbsp;<\/p>\n<p>&#8222;Jak korzysta\u0107 z prawa IP w biznesie&#8221; -\u202fprogram grupowy wraz z\u202f IP mentoringiem<\/p>\n","protected":false},"excerpt":{"rendered":"<p>Tego produktu nie ma na stanie i nie jest dost\u0119pny. <span style=\"color: #f3b421;\"><strong><a style=\"color: #f3b421;\" href=\"https:\/\/kursy.poraj.com\/widget\/form\/a4A7zQlrx5kH2CNOFGnC?notrack=true\">Zapisz si\u0119 na list\u0119 oczekuj\u0105cych<\/a><\/strong><\/span><\/p>\n","protected":false},"featured_media":861,"template":"","meta":{"_acf_changed":false},"product_brand":[],"product_cat":[43],"product_tag":[],"wyroznione":[],"class_list":{"0":"post-1006","1":"product","2":"type-product","3":"status-publish","4":"has-post-thumbnail","6":"product_cat-konsultacje","8":"first","9":"outofstock","10":"sold-individually","11":"taxable","12":"shipping-taxable","13":"purchasable","14":"product-type-variable"},"acf":[],"_links":{"self":[{"href":"https:\/\/poraj.com\/sklep\/wp-json\/wp\/v2\/product\/1006","targetHints":{"allow":["GET"]}}],"collection":[{"href":"https:\/\/poraj.com\/sklep\/wp-json\/wp\/v2\/product"}],"about":[{"href":"https:\/\/poraj.com\/sklep\/wp-json\/wp\/v2\/types\/product"}],"wp:featuredmedia":[{"embeddable":true,"href":"https:\/\/poraj.com\/sklep\/wp-json\/wp\/v2\/media\/861"}],"wp:attachment":[{"href":"https:\/\/poraj.com\/sklep\/wp-json\/wp\/v2\/media?parent=1006"}],"wp:term":[{"taxonomy":"product_brand","embeddable":true,"href":"https:\/\/poraj.com\/sklep\/wp-json\/wp\/v2\/product_brand?post=1006"},{"taxonomy":"product_cat","embeddable":true,"href":"https:\/\/poraj.com\/sklep\/wp-json\/wp\/v2\/product_cat?post=1006"},{"taxonomy":"product_tag","embeddable":true,"href":"https:\/\/poraj.com\/sklep\/wp-json\/wp\/v2\/product_tag?post=1006"},{"taxonomy":"wyroznione","embeddable":true,"href":"https:\/\/poraj.com\/sklep\/wp-json\/wp\/v2\/wyroznione?post=1006"}],"curies":[{"name":"wp","href":"https:\/\/api.w.org\/{rel}","templated":true}]}}